{"id":520,"date":"2020-11-18T15:57:37","date_gmt":"2020-11-18T14:57:37","guid":{"rendered":"https:\/\/booster.raskinsoftware.ch\/?page_id=520"},"modified":"2024-04-04T17:24:28","modified_gmt":"2024-04-04T15:24:28","slug":"about-us","status":"publish","type":"page","link":"https:\/\/www.booster.ch\/en\/ueber-uns\/","title":{"rendered":"About us"},"content":{"rendered":"<p>[spb_blank_spacer height=&#8221;42px&#8221; responsive_vis=&#8221;hidden-xs_hidden-sm&#8221; width=&#8221;1\/1&#8243; el_position=&#8221;first last&#8221;] [spb_row element_name=&#8221;Row&#8221; wrap_type=&#8221;standard-width&#8221; row_bg_type=&#8221;color&#8221; color_row_height=&#8221;content-height&#8221; row_style=&#8221;dark&#8221; bg_type=&#8221;cover&#8221; parallax_image_height=&#8221;content-height&#8221; parallax_image_movement=&#8221;fixed&#8221; parallax_image_speed=&#8221;standard&#8221; bg_video_loop=&#8221;yes&#8221; parallax_video_height=&#8221;window-height&#8221; row_top_style=&#8221;none&#8221; row_bottom_style=&#8221;none&#8221; parallax_video_overlay=&#8221;color&#8221; row_overlay_opacity=&#8221;85&#8243; remove_element_spacing=&#8221;no&#8221; row_col_spacing=&#8221;30&#8243; row_col_pos=&#8221;default&#8221; row_col_equal_heights=&#8221;no&#8221; row_expanding=&#8221;no&#8221; row_animation=&#8221;none&#8221; row_animation_delay=&#8221;0&#8243; minimize_row=&#8221;no&#8221; simplified_controls=&#8221;no&#8221; custom_css_percentage=&#8221;no&#8221; custom_css=&#8221;margin-top: 0px;margin-bottom: 0px;padding-top: 15px;&#8221; border_styling_global=&#8221;default&#8221; el_class=&#8221;shield&#8221; width=&#8221;1\/1&#8243; el_position=&#8221;first last&#8221;] [spb_column col_animation=&#8221;none&#8221; col_animation_delay=&#8221;0&#8243; col_bg_type=&#8221;cover&#8221; col_parallax_image_movement=&#8221;fixed&#8221; col_parallax_image_speed=&#8221;0.5&#8243; col_padding=&#8221;0&#8243; col_vertical_offset=&#8221;0&#8243; col_horizontal_offset=&#8221;0&#8243; col_custom_zindex=&#8221;0&#8243; col_sm=&#8221;9&#8243; simplified_controls=&#8221;yes&#8221; custom_css_percentage=&#8221;no&#8221; padding_vertical=&#8221;0&#8243; padding_horizontal=&#8221;9&#8243; margin_vertical=&#8221;0&#8243; custom_css=&#8221;margin-top: 0px;margin-bottom: 0px;padding-left: 9px;padding-right: 9px;&#8221; border_styling_global=&#8221;default&#8221; width=&#8221;3\/4&#8243; el_position=&#8221;first&#8221;] [spb_text_block animation=&#8221;none&#8221; animation_delay=&#8221;0&#8243; simplified_controls=&#8221;yes&#8221; custom_css_percentage=&#8221;no&#8221; padding_vertical=&#8221;0&#8243; padding_horizontal=&#8221;0&#8243; margin_vertical=&#8221;0&#8243; custom_css=&#8221;margin-top: 0px;margin-bottom: 0px;&#8221; border_size=&#8221;0&#8243; border_styling_global=&#8221;default&#8221; width=&#8221;1\/1&#8243; el_position=&#8221;first last&#8221;]<\/p>\n<h1>Geschichte<\/h1>\n<p>Booster wurde 1976 von Irene und Pierre Montandon gegr\u00fcndet und ist ein erfolgreiches Familienunternehmen. Booster wird heute mit viel Herzblut von der n\u00e4chsten Generation, den Geschwistern Marlonne, Marina und Roc Montandon, gef\u00fchrt. Die Boutique liegt noch immer an der St\u00fcssihofstatt 6, an bester Shopping-Lage, inmitten der Z\u00fcrcher Altstadt.<\/p>\n<p>[\/spb_text_block] [spb_text_block animation=&#8221;none&#8221; animation_delay=&#8221;0&#8243; simplified_controls=&#8221;yes&#8221; custom_css_percentage=&#8221;no&#8221; padding_vertical=&#8221;0&#8243; padding_horizontal=&#8221;0&#8243; margin_vertical=&#8221;0&#8243; custom_css=&#8221;margin-top: 0px;margin-bottom: 0px;&#8221; border_size=&#8221;0&#8243; border_styling_global=&#8221;default&#8221; width=&#8221;1\/1&#8243; el_position=&#8221;first last&#8221;]<\/p>\n<div style=\"width: 960px;\" class=\"wp-video\"><video class=\"wp-video-shortcode\" id=\"video-520-1\" width=\"960\" height=\"640\" poster=\"https:\/\/www.booster.ch\/wp-content\/uploads\/2020\/11\/booster-movie-poster.jpg\" preload=\"metadata\" controls=\"controls\"><source type=\"video\/mp4\" src=\"https:\/\/www.booster.ch\/wp-content\/uploads\/2020\/11\/booster-movie.mp4?_=1\" \/><a href=\"https:\/\/www.booster.ch\/wp-content\/uploads\/2020\/11\/booster-movie.mp4\">https:\/\/www.booster.ch\/wp-content\/uploads\/2020\/11\/booster-movie.mp4<\/a><\/video><\/div>\n<h5>Film von <a href=\"https:\/\/www.swissfilms.ch\/de\/person\/rolf-gnter\/F93A643889D847BA9467CE39242BACF9\" target=\"_blank\" rel=\"noopener\">Rolf G\u00fcnter<\/a>, 1976<\/h5>\n<p>[\/spb_text_block] [spb_text_block animation=&#8221;none&#8221; animation_delay=&#8221;0&#8243; simplified_controls=&#8221;yes&#8221; custom_css_percentage=&#8221;no&#8221; padding_vertical=&#8221;0&#8243; padding_horizontal=&#8221;0&#8243; margin_vertical=&#8221;0&#8243; custom_css=&#8221;margin-top: 0px;margin-bottom: 0px;&#8221; border_size=&#8221;0&#8243; border_styling_global=&#8221;default&#8221; width=&#8221;1\/1&#8243; el_position=&#8221;first last&#8221;]<\/p>\n<p><span style=\"font-weight: 400;\">Booster hat sich seit jeher auf die neueste, vorwiegend britische Mode sowie ikonenhafte Stile aus den 20er bis 90er Jahren spezialisiert. Booster ist ber\u00fchmt f\u00fcr seine grosse Auswahl an Schuhen und Stiefeln f\u00fcr Damen und Herren. Heute umfasst die Booster Boutique eine Gesamtfl\u00e4che von 250m2: Im Parterre befindet sich die Kleidung, im ersten Stock die Schuhe und Stiefel.\u00a0<\/span><\/p>\n<p>[\/spb_text_block] [spb_blank_spacer height=&#8221;30px&#8221; width=&#8221;1\/1&#8243; el_position=&#8221;first last&#8221;] [spb_image image=&#8221;948&#8243; image_size=&#8221;full&#8221; frame=&#8221;noframe&#8221; caption_pos=&#8221;hover&#8221; remove_rounded=&#8221;yes&#8221; fullwidth=&#8221;no&#8221; overflow_mode=&#8221;none&#8221; link_target=&#8221;_self&#8221; lightbox=&#8221;yes&#8221; intro_animation=&#8221;none&#8221; animation_delay=&#8221;200&#8243; width=&#8221;1\/3&#8243; el_position=&#8221;first&#8221;][\/spb_image] [spb_image image=&#8221;532&#8243; image_size=&#8221;full&#8221; frame=&#8221;noframe&#8221; caption_pos=&#8221;hover&#8221; remove_rounded=&#8221;yes&#8221; fullwidth=&#8221;no&#8221; overflow_mode=&#8221;none&#8221; link_target=&#8221;_self&#8221; lightbox=&#8221;yes&#8221; intro_animation=&#8221;none&#8221; animation_delay=&#8221;200&#8243; width=&#8221;1\/3&#8243;][\/spb_image] [spb_image image=&#8221;947&#8243; image_size=&#8221;full&#8221; frame=&#8221;noframe&#8221; caption_pos=&#8221;hover&#8221; remove_rounded=&#8221;yes&#8221; fullwidth=&#8221;no&#8221; overflow_mode=&#8221;none&#8221; link_target=&#8221;_self&#8221; lightbox=&#8221;yes&#8221; intro_animation=&#8221;none&#8221; animation_delay=&#8221;200&#8243; width=&#8221;1\/3&#8243; el_position=&#8221;last&#8221;][\/spb_image] [spb_image image=&#8221;529&#8243; image_size=&#8221;full&#8221; frame=&#8221;noframe&#8221; caption_pos=&#8221;hover&#8221; remove_rounded=&#8221;yes&#8221; fullwidth=&#8221;no&#8221; overflow_mode=&#8221;none&#8221; link_target=&#8221;_self&#8221; lightbox=&#8221;yes&#8221; intro_animation=&#8221;none&#8221; animation_delay=&#8221;200&#8243; width=&#8221;1\/3&#8243; el_position=&#8221;first&#8221;][\/spb_image] [spb_image image=&#8221;944&#8243; image_size=&#8221;full&#8221; frame=&#8221;noframe&#8221; caption_pos=&#8221;hover&#8221; remove_rounded=&#8221;yes&#8221; fullwidth=&#8221;no&#8221; overflow_mode=&#8221;none&#8221; link_target=&#8221;_self&#8221; lightbox=&#8221;yes&#8221; intro_animation=&#8221;none&#8221; animation_delay=&#8221;200&#8243; width=&#8221;1\/3&#8243;][\/spb_image] [spb_image image=&#8221;536&#8243; image_size=&#8221;full&#8221; frame=&#8221;noframe&#8221; caption_pos=&#8221;hover&#8221; remove_rounded=&#8221;yes&#8221; fullwidth=&#8221;no&#8221; overflow_mode=&#8221;none&#8221; link_target=&#8221;_self&#8221; lightbox=&#8221;yes&#8221; intro_animation=&#8221;none&#8221; animation_delay=&#8221;200&#8243; width=&#8221;1\/3&#8243; el_position=&#8221;last&#8221;][\/spb_image] [spb_text_block animation=&#8221;none&#8221; animation_delay=&#8221;0&#8243; simplified_controls=&#8221;yes&#8221; custom_css_percentage=&#8221;no&#8221; padding_vertical=&#8221;0&#8243; padding_horizontal=&#8221;0&#8243; margin_vertical=&#8221;0&#8243; custom_css=&#8221;margin-top: 0px;margin-bottom: 0px;&#8221; border_size=&#8221;0&#8243; border_styling_global=&#8221;default&#8221; width=&#8221;1\/1&#8243; el_position=&#8221;first last&#8221;]<\/p>\n<h5>Photos by Alexandre Gross, 1976<\/h5>\n<p>[\/spb_text_block] [\/spb_column] [spb_column col_animation=&#8221;none&#8221; col_animation_delay=&#8221;0&#8243; col_bg_type=&#8221;cover&#8221; col_parallax_image_movement=&#8221;fixed&#8221; col_parallax_image_speed=&#8221;0.5&#8243; col_padding=&#8221;0&#8243; col_vertical_offset=&#8221;0&#8243; col_horizontal_offset=&#8221;0&#8243; col_custom_zindex=&#8221;0&#8243; col_sm=&#8221;3&#8243; simplified_controls=&#8221;yes&#8221; custom_css_percentage=&#8221;no&#8221; padding_vertical=&#8221;0&#8243; padding_horizontal=&#8221;0&#8243; margin_vertical=&#8221;0&#8243; custom_css=&#8221;margin-top: 0px;margin-bottom: 0px;&#8221; border_styling_global=&#8221;default&#8221; width=&#8221;1\/4&#8243; el_position=&#8221;last&#8221;] [spb_image image=&#8221;940&#8243; image_size=&#8221;full&#8221; frame=&#8221;noframe&#8221; caption_pos=&#8221;hover&#8221; remove_rounded=&#8221;yes&#8221; fullwidth=&#8221;no&#8221; overflow_mode=&#8221;none&#8221; link_target=&#8221;_self&#8221; lightbox=&#8221;yes&#8221; intro_animation=&#8221;none&#8221; animation_delay=&#8221;200&#8243; width=&#8221;1\/1&#8243; el_position=&#8221;first last&#8221;][\/spb_image] [spb_image image=&#8221;943&#8243; image_size=&#8221;full&#8221; frame=&#8221;noframe&#8221; caption_pos=&#8221;hover&#8221; remove_rounded=&#8221;yes&#8221; fullwidth=&#8221;no&#8221; overflow_mode=&#8221;none&#8221; link_target=&#8221;_self&#8221; lightbox=&#8221;yes&#8221; intro_animation=&#8221;none&#8221; animation_delay=&#8221;200&#8243; width=&#8221;1\/1&#8243; el_position=&#8221;first last&#8221;][\/spb_image] [spb_image image=&#8221;945&#8243; image_size=&#8221;full&#8221; frame=&#8221;noframe&#8221; caption_pos=&#8221;hover&#8221; remove_rounded=&#8221;yes&#8221; fullwidth=&#8221;no&#8221; overflow_mode=&#8221;none&#8221; link_target=&#8221;_self&#8221; lightbox=&#8221;yes&#8221; intro_animation=&#8221;none&#8221; animation_delay=&#8221;200&#8243; width=&#8221;1\/1&#8243; el_position=&#8221;first last&#8221;][\/spb_image] [spb_image image=&#8221;946&#8243; image_size=&#8221;full&#8221; frame=&#8221;noframe&#8221; caption_pos=&#8221;hover&#8221; remove_rounded=&#8221;yes&#8221; fullwidth=&#8221;no&#8221; overflow_mode=&#8221;none&#8221; link_target=&#8221;_self&#8221; lightbox=&#8221;yes&#8221; intro_animation=&#8221;none&#8221; animation_delay=&#8221;200&#8243; width=&#8221;1\/1&#8243; el_position=&#8221;first last&#8221;][\/spb_image] [\/spb_column] [\/spb_row] [spb_row element_name=&#8221;Row&#8221; wrap_type=&#8221;standard-width&#8221; row_bg_type=&#8221;color&#8221; color_row_height=&#8221;content-height&#8221; row_style=&#8221;dark&#8221; bg_type=&#8221;cover&#8221; parallax_image_height=&#8221;content-height&#8221; parallax_image_movement=&#8221;fixed&#8221; parallax_image_speed=&#8221;standard&#8221; bg_video_loop=&#8221;yes&#8221; parallax_video_height=&#8221;window-height&#8221; row_id=&#8221;press&#8221; row_top_style=&#8221;none&#8221; row_bottom_style=&#8221;none&#8221; parallax_video_overlay=&#8221;color&#8221; row_overlay_opacity=&#8221;85&#8243; remove_element_spacing=&#8221;no&#8221; row_col_spacing=&#8221;30&#8243; row_col_pos=&#8221;default&#8221; row_col_equal_heights=&#8221;no&#8221; row_expanding=&#8221;no&#8221; row_animation=&#8221;none&#8221; row_animation_delay=&#8221;0&#8243; minimize_row=&#8221;no&#8221; simplified_controls=&#8221;no&#8221; custom_css_percentage=&#8221;no&#8221; custom_css=&#8221;margin-top: 30px;margin-bottom: 15px;padding-top: 15px;&#8221; border_styling_global=&#8221;default&#8221; el_class=&#8221;shield&#8221; width=&#8221;1\/1&#8243; el_position=&#8221;first last&#8221;] [spb_image image=&#8221;599&#8243; image_size=&#8221;full&#8221; frame=&#8221;noframe&#8221; caption_pos=&#8221;hover&#8221; remove_rounded=&#8221;yes&#8221; fullwidth=&#8221;no&#8221; overflow_mode=&#8221;none&#8221; link_target=&#8221;_self&#8221; lightbox=&#8221;no&#8221; intro_animation=&#8221;none&#8221; animation_delay=&#8221;200&#8243; width=&#8221;1\/1&#8243; el_position=&#8221;first last&#8221;][\/spb_image] [spb_text_block animation=&#8221;none&#8221; animation_delay=&#8221;0&#8243; simplified_controls=&#8221;yes&#8221; custom_css_percentage=&#8221;no&#8221; padding_vertical=&#8221;0&#8243; padding_horizontal=&#8221;0&#8243; margin_vertical=&#8221;0&#8243; custom_css=&#8221;margin-top: 0px;margin-bottom: 0px;&#8221; border_size=&#8221;0&#8243; border_styling_global=&#8221;default&#8221; width=&#8221;1\/1&#8243; el_position=&#8221;first last&#8221;]<\/p>\n<h1>Press<\/h1>\n<p>[\/spb_text_block] [spb_text_block animation=&#8221;none&#8221; animation_delay=&#8221;0&#8243; simplified_controls=&#8221;yes&#8221; custom_css_percentage=&#8221;no&#8221; padding_vertical=&#8221;0&#8243; padding_horizontal=&#8221;0&#8243; margin_vertical=&#8221;0&#8243; custom_css=&#8221;margin-top: 0px;margin-bottom: 0px;&#8221; border_size=&#8221;0&#8243; border_styling_global=&#8221;default&#8221; width=&#8221;3\/4&#8243; el_position=&#8221;first&#8221;]<\/p>\n<h2>BOOSTER Kult seit 1976<\/h2>\n<p>Ein Kleinod aus der Punkzeit, ein Relikt aus der Z\u00fcrcher Bewegung von 1980, schlicht eine Legende: Das 1976 von Pierre und Irene Montandon gegr\u00fcndete Kleidergesch\u00e4ft war einst DAS Kultgesch\u00e4ft f\u00fcr Teddys, sp\u00e4ter auch f\u00fcr Punks und alles, was sich jung und unangepasst f\u00fchlte. Denn wie in Z\u00fcrich oft der (Spezial-) Fall, vermischten sich auch hier unterschiedliche Jugendgruppen, die sich in gr\u00f6sseren Grosst\u00e4dten wie Berlin oder London Schl\u00e4gereien geliefert h\u00e4tten.<\/p>\n<p>Es ist bewundernswert, wie Booster es geschafft hat, gleichzeitig mit der Zeit zu gehen und dabei er selbst zu bleiben. Oberfl\u00e4chlich gesehen, sieht die Boutique seit eh und je gleich aus. Zwar wurde die Lokalit\u00e4t \u00fcber die Jahre leicht vergr\u00f6ssert, indem fr\u00fchere Hinterr\u00e4ume der Boutique angef\u00fcgt wurden, aber es wurde nie radikal ver\u00e4ndert. Warum auch? Selbst das legend\u00e4re \u201cCBGB\u201d in New York, der vielleicht ber\u00fchmteste Club der Punkzeit, wurde zu grossen Teilen original belassen, obwohl sich neuerdings eine Modeboutique darin befindet. So vermieden auch die immer sehr freundlichen &#8211; und dem Gesch\u00e4ft entsprechend heiss gestylten &#8211; Montandons, irgendwelchen fehlgeleiteten Relaunch-Ideen zu verfallen, wie das in \u00e4hnlichen F\u00e4llen oft geschieht.<\/p>\n<p>In den Details ging das Sortiment aber mit der Zeit und wurde sp\u00e4ter auch zur Modeadresse der Technokultur. Gleichzeitig behielt Booster stets gewisse Klassiker, allen voran sonst nirgendwo erh\u00e4ltliche englische Mode, darunter die spitzigen Schuhe der \u201cSchlieffer\u201d (wie die Teddy auf Z\u00fcrichdeutsch heissen), sowie die Marken Bronx, Clarks und Doc Martens. Konstante bei den Kleidern sind die amerikanische Arbeitshose Dickies sowie die Marken Ben Sherman und Tiger of Sweden. Inzwischen haben drei der vier Kinder der Montandons Marlonne, Marina und Roc &#8211; das Gesch\u00e4ft \u00fcbernommen, man trifft aber ab und zu weiterhin auch Pierre oder Irene dort an &#8211; ein Familienbetrieb eben. Wie im Bilderbuch!<\/p>\n<h5>aus: Z\u00fcrich kauft ein, 2011<\/h5>\n<p>&nbsp;<\/p>\n<h2>BOOSTER einfach cool!<\/h2>\n<p>Tradition ist etwas Sch\u00f6nes. Wenn sich ein Laden seit 35 Jahren im Z\u00fcrcher Niederdorf als heisser Geheimtipp f\u00fcr Unangepasste h\u00e4lt, dann muss schon etwas dran sein. Boutique Booster, 1976 er\u00f6ffnet. Das Erfolgsrezept von Pierre und Irene Montandon heisst Subkultur. Sie bieten Kleidung f\u00fcr gestylte Undergroundler, die aussehen m\u00f6chten als w\u00fcrden sie sich eben nicht stylen. Man k\u00f6nnte fast meinen, die Graffiti und die unz\u00e4hligen Stickers, die den Eingang zieren, w\u00e4ren bewusst angebracht worden. Sind sie aber nicht. Sie sind so authentisch wie die Ware, die heute die zweite Generation Montandon, Marlonne, Marina und Roc, anbietet.<\/p>\n<p>Wir werden \u00e4usserst freundlich geduzt. Das Styling der Montandons ist so einzigartig wie ihr Angebot. Papa Pierre ist auch zugegen &#8211; er tr\u00e4gt karierte Hosentr\u00e4ger und Budapester. Schuhe waren von Anfang an das Kernbusiness der Montandons. Und sie sind immer noch im Schaufenster gestapelt. Links die Herren, rechts die Damen. Wir finden das Angebot der letzten 30 Jahre vereint, die spitzigen Schuhe der Teddies, die Steel- und Bandage-Boots der Punker, die Cowboy-Stiefel der Rockabillys und die Creepers (mit der 8-cm-Knautschsohle) im Leolook. Das Leopardendessin im Ladendesign zieht sich, wie der feuerrote Boden, konsequent durch. Der Stil der Kleider ist nicht auf einen Nenner zu bringen, wir finden Seemannstrachten, Etuikleider, Arbeiterhosen von Dickies, Amy-Winehouse-T-Shirt von Fred Perry, und eine Menge H\u00fcte \u00e0 la Justin Timberlake. Die Herren haben einen ganzen Hinterraum f\u00fcr sich &#8211; Fred Perry, dreimaliger Wimbledon-Meister, f\u00fchrt mit seinem Lorbeer-Logo das Zepter. Dazu viele Accessoires wie Portemonnaies, G\u00fcrtel, Krawatten f\u00fcr den Herrn.<\/p>\n<p>Der zweite Hinterraum geh\u00f6rt den Damen. Es lebe Rockabilly! Pettycoat-Kleider im Sailor- oder Hawaii-Style, passende Str\u00fcmpfe und Unterr\u00f6cke. Die Pumps und Ballerinas dazu, getupft und getigert, finden wir im Obergeschoss, da wo der Chef pers\u00f6nlich auf dem alten Plattenteller noch gelegentlich eine Crazy-Cavan-LP auflegt. Irgendwie f\u00fchlt man sich bei Booster einfach wohl, in welchem Alter auch immer, das ist sch\u00f6nste Subkultur-Tradition, in Z\u00fcrich vereint zu einer Community.<span class=\"Apple-converted-space\">\u00a0<\/span><\/p>\n<h5>aus: Z\u00fcrich kauft ein, 2012<\/h5>\n<p>&nbsp;<\/p>\n<p>&nbsp;<\/p>\n<p>[\/spb_text_block] [spb_column col_animation=&#8221;none&#8221; col_animation_delay=&#8221;0&#8243; col_bg_type=&#8221;cover&#8221; col_parallax_image_movement=&#8221;fixed&#8221; col_parallax_image_speed=&#8221;0.5&#8243; col_padding=&#8221;0&#8243; col_vertical_offset=&#8221;0&#8243; col_horizontal_offset=&#8221;0&#8243; col_custom_zindex=&#8221;0&#8243; col_sm=&#8221;3&#8243; simplified_controls=&#8221;yes&#8221; custom_css_percentage=&#8221;no&#8221; padding_vertical=&#8221;0&#8243; padding_horizontal=&#8221;0&#8243; margin_vertical=&#8221;0&#8243; custom_css=&#8221;margin-top: 0px;margin-bottom: 0px;&#8221; border_styling_global=&#8221;default&#8221; width=&#8221;1\/4&#8243; el_position=&#8221;last&#8221;] [spb_image image=&#8221;604&#8243; image_size=&#8221;full&#8221; frame=&#8221;noframe&#8221; caption_pos=&#8221;below&#8221; remove_rounded=&#8221;yes&#8221; fullwidth=&#8221;no&#8221; overflow_mode=&#8221;none&#8221; image_link=&#8221;https:\/\/www.booster.ch\/wp-content\/uploads\/2020\/11\/Spot-Boutique-Booster.pdf&#8221; link_target=&#8221;_blank&#8221; lightbox=&#8221;no&#8221; intro_animation=&#8221;none&#8221; animation_delay=&#8221;200&#8243; width=&#8221;1\/1&#8243; el_position=&#8221;first last&#8221;]<\/p>\n<p><a href=\"https:\/\/www.hellozurich.ch\/de\/spot\/boutique-booster.html\" target=\"_blank\" rel=\"noopener noreferrer\">Boutique Booster bei \u00abHello Zurich \u2013 Lieblingsorte\u00bb<\/a><\/p>\n<p>[\/spb_image] [spb_image image=&#8221;950&#8243; image_size=&#8221;full&#8221; frame=&#8221;noframe&#8221; caption_pos=&#8221;below&#8221; remove_rounded=&#8221;yes&#8221; fullwidth=&#8221;no&#8221; overflow_mode=&#8221;none&#8221; image_link=&#8221;https:\/\/www.booster.ch\/wp-content\/uploads\/2020\/12\/Tages-Anzeiger-Booster-2020-02-20.pdf&#8221; link_target=&#8221;_blank&#8221; lightbox=&#8221;no&#8221; intro_animation=&#8221;none&#8221; animation_delay=&#8221;200&#8243; width=&#8221;1\/1&#8243; el_position=&#8221;first last&#8221;]<\/p>\n<p><a href=\"https:\/\/www.booster.ch\/wp-content\/uploads\/2020\/12\/Tages-Anzeiger-Booster-2020-02-20.pdf\" target=\"_blank\" rel=\"noopener noreferrer\">Boutique Booster im Tages-Anzeiger<\/a><\/p>\n<p>[\/spb_image] [\/spb_column] [\/spb_row]<\/p>\n","protected":false},"excerpt":{"rendered":"<p>[spb_blank_spacer height=&#8221;42px&#8221; responsive_vis=&#8221;hidden-xs_hidden-sm&#8221; width=&#8221;1\/1&#8243; el_position=&#8221;first last&#8221;] [spb_row element_name=&#8221;Row&#8221; wrap_type=&#8221;standard-width&#8221; row_bg_type=&#8221;color&#8221; color_row_height=&#8221;content-height&#8221; row_style=&#8221;dark&#8221; bg_type=&#8221;cover&#8221; parallax_image_height=&#8221;content-height&#8221; parallax_image_movement=&#8221;fixed&#8221; parallax_image_speed=&#8221;standard&#8221; bg_video_loop=&#8221;yes&#8221; parallax_video_height=&#8221;window-height&#8221; row_top_style=&#8221;none&#8221; row_bottom_style=&#8221;none&#8221; parallax_video_overlay=&#8221;color&#8221; row_overlay_opacity=&#8221;85&#8243; remove_element_spacing=&#8221;no&#8221; row_col_spacing=&#8221;30&#8243; row_col_pos=&#8221;default&#8221; row_col_equal_heights=&#8221;no&#8221; row_expanding=&#8221;no&#8221; row_animation=&#8221;none&#8221; row_animation_delay=&#8221;0&#8243; minimize_row=&#8221;no&#8221; simplified_controls=&#8221;no&#8221; custom_css_percentage=&#8221;no&#8221; custom_css=&#8221;margin-top: 0px;margin-bottom: 0px;padding-top: 15px;&#8221; border_styling_global=&#8221;default&#8221; el_class=&#8221;shield&#8221; width=&#8221;1\/1&#8243; el_position=&#8221;first last&#8221;] [spb_column col_animation=&#8221;none&#8221; col_animation_delay=&#8221;0&#8243; col_bg_type=&#8221;cover&#8221; col_parallax_image_movement=&#8221;fixed&#8221; col_parallax_image_speed=&#8221;0.5&#8243; col_padding=&#8221;0&#8243; col_vertical_offset=&#8221;0&#8243; col_horizontal_offset=&#8221;0&#8243; col_custom_zindex=&#8221;0&#8243; col_sm=&#8221;9&#8243; simplified_controls=&#8221;yes&#8221; custom_css_percentage=&#8221;no&#8221; padding_vertical=&#8221;0&#8243; padding_horizontal=&#8221;9&#8243; margin_vertical=&#8221;0&#8243; custom_css=&#8221;margin-top: 0px;margin-bottom: 0px;padding-left: [&hellip;]<\/p>\n","protected":false},"author":6,"featured_media":0,"parent":0,"menu_order":0,"comment_status":"closed","ping_status":"closed","template":"","meta":{"inline_featured_image":false,"footnotes":""},"class_list":["post-520","page","type-page","status-publish","hentry"],"jetpack_sharing_enabled":true,"_links":{"self":[{"href":"https:\/\/www.booster.ch\/en\/wp-json\/wp\/v2\/pages\/520","targetHints":{"allow":["GET"]}}],"collection":[{"href":"https:\/\/www.booster.ch\/en\/wp-json\/wp\/v2\/pages"}],"about":[{"href":"https:\/\/www.booster.ch\/en\/wp-json\/wp\/v2\/types\/page"}],"author":[{"embeddable":true,"href":"https:\/\/www.booster.ch\/en\/wp-json\/wp\/v2\/users\/6"}],"replies":[{"embeddable":true,"href":"https:\/\/www.booster.ch\/en\/wp-json\/wp\/v2\/comments?post=520"}],"version-history":[{"count":1,"href":"https:\/\/www.booster.ch\/en\/wp-json\/wp\/v2\/pages\/520\/revisions"}],"predecessor-version":[{"id":6428,"href":"https:\/\/www.booster.ch\/en\/wp-json\/wp\/v2\/pages\/520\/revisions\/6428"}],"wp:attachment":[{"href":"https:\/\/www.booster.ch\/en\/wp-json\/wp\/v2\/media?parent=520"}],"curies":[{"name":"wp","href":"https:\/\/api.w.org\/{rel}","templated":true}]}}