{"id":4418,"date":"2023-11-09T18:22:51","date_gmt":"2023-11-09T17:22:51","guid":{"rendered":"https:\/\/www.booster.ch\/produkt\/lederjacke-perfecto-ricano-2\/"},"modified":"2026-01-20T11:19:48","modified_gmt":"2026-01-20T10:19:48","slug":"leather-jacket-perfecto-ricano-men","status":"publish","type":"product","link":"https:\/\/www.booster.ch\/en\/produkt\/lederjacke-perfecto-ricano-herren\/","title":{"rendered":"Perfecto leather jacket"},"content":{"rendered":"<p>The Perfecto leather jacket was designed by Irving Schott in the 1920s and has been a symbol of rebellion and style ever since. Originally developed for motorcyclists, it quickly became an icon of rock and pop culture. The RICANO BRANDO leather jacket in the Perfecto cut continues this tradition and offers a modern interpretation of a classic design.<\/p>\n<ul>\n<li>Hochwertiges Innenfutter mit RICANO-Label.<\/li>\n<li>Robustes und langlebiges B\u00fcffel-Nappa-Leder in klassischem Schwarz.<\/li>\n<li>Breiter Rockabilly-Haifisch-Kragen mit silbernen Druckkn\u00f6pfen.<\/li>\n<li>Breite Schulterklappen mit Druckkn\u00f6pfen als markante Applikation.<\/li>\n<li>Breite und hochwertige Reissverschl\u00fcsse als Erkennungsmerkmal der RICANO BRANDO.<\/li>\n<li>Diagonale Brusttasche und seitliche Tasche, jeweils mit markantem Reissverschluss.<\/li>\n<li>Traditionelle Tasche mit Klappe und Druckknopf auf H\u00fcfth\u00f6he, zus\u00e4tzlich eine Innentasche.<\/li>\n<li>Breite Reissverschl\u00fcsse mit pr\u00e4gnanten Zippern an den \u00c4rmelenden.<\/li>\n<\/ul>\n<p>&nbsp;<\/p>\n<table class=\"table table-striped product-detail-properties-table\">\n<tbody>\n<tr class=\"properties-row\">\n<th class=\"properties-label\">Fit:<\/th>\n<td class=\"properties-value\">Regular Fit<\/td>\n<\/tr>\n<tr class=\"properties-row\">\n<th class=\"properties-label\">Inner lining:<\/th>\n<td class=\"properties-value\">Polysatin<\/td>\n<\/tr>\n<tr class=\"properties-row\">\n<th class=\"properties-label\">Upper material:<\/th>\n<td class=\"properties-value\">Buffalo nappa leather<\/td>\n<\/tr>\n<\/tbody>\n<\/table>","protected":false},"excerpt":{"rendered":"<p>Die Perfecto Lederjacke wurde in den 1920er Jahren von Irving Schott entworfen und ist seitdem ein Symbol f\u00fcr Rebellion und Stil. Urspr\u00fcnglich f\u00fcr Motorradfahrer entwickelt, wurde sie schnell zur Ikone der Rock- und Popkultur. Die RICANO BRANDO Lederjacke im Perfecto-Schnitt setzt diese Tradition fort und bietet eine moderne Interpretation eines klassischen Designs. Hochwertiges Innenfutter mit RICANO-Label. Robustes und langlebiges B\u00fcffel-Nappa-Leder [&hellip;]<\/p>\n","protected":false},"featured_media":5765,"comment_status":"open","ping_status":"closed","template":"","meta":{"inline_featured_image":false},"pwb-brand":[43],"product_brand":[],"product_cat":[28,50,51],"product_tag":[],"class_list":{"0":"post-4418","1":"product","2":"type-product","3":"status-publish","4":"has-post-thumbnail","6":"pwb-brand-ricano","7":"product_cat-herren","8":"product_cat-jacken","9":"product_cat-lederjacken","11":"first","12":"instock","13":"taxable","14":"shipping-taxable","15":"purchasable","16":"product-type-variable"},"jetpack_sharing_enabled":true,"brands":[{"id":43,"name":"Ricano","slug":"ricano"}],"_links":{"self":[{"href":"https:\/\/www.booster.ch\/en\/wp-json\/wp\/v2\/product\/4418","targetHints":{"allow":["GET"]}}],"collection":[{"href":"https:\/\/www.booster.ch\/en\/wp-json\/wp\/v2\/product"}],"about":[{"href":"https:\/\/www.booster.ch\/en\/wp-json\/wp\/v2\/types\/product"}],"replies":[{"embeddable":true,"href":"https:\/\/www.booster.ch\/en\/wp-json\/wp\/v2\/comments?post=4418"}],"wp:featuredmedia":[{"embeddable":true,"href":"https:\/\/www.booster.ch\/en\/wp-json\/wp\/v2\/media\/5765"}],"wp:attachment":[{"href":"https:\/\/www.booster.ch\/en\/wp-json\/wp\/v2\/media?parent=4418"}],"wp:term":[{"taxonomy":"pwb-brand","embeddable":true,"href":"https:\/\/www.booster.ch\/en\/wp-json\/wp\/v2\/pwb-brand?post=4418"},{"taxonomy":"product_brand","embeddable":true,"href":"https:\/\/www.booster.ch\/en\/wp-json\/wp\/v2\/product_brand?post=4418"},{"taxonomy":"product_cat","embeddable":true,"href":"https:\/\/www.booster.ch\/en\/wp-json\/wp\/v2\/product_cat?post=4418"},{"taxonomy":"product_tag","embeddable":true,"href":"https:\/\/www.booster.ch\/en\/wp-json\/wp\/v2\/product_tag?post=4418"}],"curies":[{"name":"wp","href":"https:\/\/api.w.org\/{rel}","templated":true}]}}