{"id":418,"date":"2020-10-28T16:26:01","date_gmt":"2020-10-28T15:26:01","guid":{"rendered":"https:\/\/moritzweber.raskinsoftware.ch\/?page_id=418"},"modified":"2025-09-02T15:25:45","modified_gmt":"2025-09-02T13:25:45","slug":"home","status":"publish","type":"page","link":"https:\/\/www.booster.ch\/fr\/","title":{"rendered":"BOOSTER - L'ORIGINAL. DEPUIS 1976"},"content":{"rendered":"<p>[spb_row row_responsive_vis=&#8221;hidden-xs_hidden-sm&#8221; element_name=&#8221;Row&#8221; wrap_type=&#8221;standard-width&#8221; row_bg_type=&#8221;color&#8221; color_row_height=&#8221;content-height&#8221; bg_type=&#8221;cover&#8221; parallax_image_height=&#8221;content-height&#8221; parallax_image_movement=&#8221;fixed&#8221; parallax_image_speed=&#8221;standard&#8221; bg_video_loop=&#8221;yes&#8221; parallax_video_height=&#8221;window-height&#8221; row_top_style=&#8221;none&#8221; row_bottom_style=&#8221;none&#8221; parallax_video_overlay=&#8221;none&#8221; row_overlay_opacity=&#8221;0&#8243; remove_element_spacing=&#8221;no&#8221; row_col_spacing=&#8221;0&#8243; row_col_pos=&#8221;default&#8221; row_col_equal_heights=&#8221;no&#8221; row_expanding=&#8221;no&#8221; row_animation=&#8221;none&#8221; row_animation_delay=&#8221;0&#8243; minimize_row=&#8221;no&#8221; simplified_controls=&#8221;no&#8221; custom_css_percentage=&#8221;no&#8221; custom_css=&#8221;margin-top: 0px;margin-bottom: 0px;&#8221; border_styling_global=&#8221;default&#8221; el_class=&#8221;front-desktop&#8221; width=&#8221;1\/1&#8243; el_position=&#8221;first last&#8221;] [spb_blank_spacer height=&#8221;42px&#8221; width=&#8221;1\/1&#8243; el_position=&#8221;first last&#8221;] [spb_text_block animation=&#8221;none&#8221; animation_delay=&#8221;0&#8243; simplified_controls=&#8221;yes&#8221; custom_css_percentage=&#8221;no&#8221; padding_vertical=&#8221;0&#8243; padding_horizontal=&#8221;0&#8243; margin_vertical=&#8221;0&#8243; custom_css=&#8221;margin-top: 0px;margin-bottom: 0px;&#8221; border_size=&#8221;0&#8243; border_styling_global=&#8221;default&#8221; width=&#8221;1\/1&#8243; el_position=&#8221;first last&#8221;]<\/p>\n<h5><\/h5>\n<h5><a href=\"https:\/\/www.booster.ch\/onlineshop\/\"><img data-recalc-dims=\"1\" loading=\"lazy\" decoding=\"async\" class=\"aligncenter wp-image-430 size-full\" src=\"https:\/\/i0.wp.com\/www.booster.ch\/wp-content\/uploads\/2020\/11\/boutique-booster-front%402x-50.jpg?resize=1920%2C771&#038;ssl=1\" alt=\"Booster Schaufenster\" width=\"1920\" height=\"771\" srcset=\"https:\/\/i0.wp.com\/www.booster.ch\/wp-content\/uploads\/2020\/11\/boutique-booster-front%402x-50.jpg?w=1920&amp;ssl=1 1920w, https:\/\/i0.wp.com\/www.booster.ch\/wp-content\/uploads\/2020\/11\/boutique-booster-front%402x-50.jpg?resize=500%2C201&amp;ssl=1 500w, https:\/\/i0.wp.com\/www.booster.ch\/wp-content\/uploads\/2020\/11\/boutique-booster-front%402x-50.jpg?resize=1624%2C652&amp;ssl=1 1624w, https:\/\/i0.wp.com\/www.booster.ch\/wp-content\/uploads\/2020\/11\/boutique-booster-front%402x-50.jpg?resize=768%2C308&amp;ssl=1 768w, https:\/\/i0.wp.com\/www.booster.ch\/wp-content\/uploads\/2020\/11\/boutique-booster-front%402x-50.jpg?resize=1536%2C617&amp;ssl=1 1536w, https:\/\/i0.wp.com\/www.booster.ch\/wp-content\/uploads\/2020\/11\/boutique-booster-front%402x-50.jpg?resize=18%2C7&amp;ssl=1 18w, https:\/\/i0.wp.com\/www.booster.ch\/wp-content\/uploads\/2020\/11\/boutique-booster-front%402x-50.jpg?resize=1280%2C514&amp;ssl=1 1280w, https:\/\/i0.wp.com\/www.booster.ch\/wp-content\/uploads\/2020\/11\/boutique-booster-front%402x-50.jpg?resize=1000%2C402&amp;ssl=1 1000w, https:\/\/i0.wp.com\/www.booster.ch\/wp-content\/uploads\/2020\/11\/boutique-booster-front%402x-50.jpg?resize=850%2C341&amp;ssl=1 850w, https:\/\/i0.wp.com\/www.booster.ch\/wp-content\/uploads\/2020\/11\/boutique-booster-front%402x-50.jpg?resize=200%2C80&amp;ssl=1 200w\" sizes=\"auto, (max-width: 1000px) 100vw, 1000px\" \/><\/a><\/h5>\n<p>[\/spb_text_block] [\/spb_row] [spb_row row_responsive_vis=&#8221;hidden-lg_hidden-md&#8221; element_name=&#8221;Row&#8221; wrap_type=&#8221;full-width-contained&#8221; row_bg_type=&#8221;image&#8221; color_row_height=&#8221;content-height&#8221; bg_image=&#8221;6318&#8243; bg_type=&#8221;cover&#8221; parallax_image_height=&#8221;content-height&#8221; parallax_image_movement=&#8221;fixed&#8221; parallax_image_speed=&#8221;standard&#8221; bg_video_loop=&#8221;yes&#8221; parallax_video_height=&#8221;window-height&#8221; row_top_style=&#8221;none&#8221; row_bottom_style=&#8221;none&#8221; parallax_video_overlay=&#8221;none&#8221; row_overlay_opacity=&#8221;0&#8243; remove_element_spacing=&#8221;no&#8221; row_col_spacing=&#8221;0&#8243; row_col_pos=&#8221;center&#8221; row_col_equal_heights=&#8221;no&#8221; row_expanding=&#8221;no&#8221; row_animation=&#8221;none&#8221; row_animation_delay=&#8221;0&#8243; minimize_row=&#8221;no&#8221; simplified_controls=&#8221;no&#8221; custom_css_percentage=&#8221;no&#8221; custom_css=&#8221;margin-top: 0px;margin-bottom: 0px;padding-left: 35px;padding-right: 35px;&#8221; border_styling_global=&#8221;default&#8221; el_class=&#8221;front-mobile&#8221; width=&#8221;1\/1&#8243; el_position=&#8221;first last&#8221;] [spb_blank_spacer height=&#8221;140px&#8221; width=&#8221;1\/1&#8243; el_position=&#8221;first last&#8221;] [spb_text_block animation=&#8221;none&#8221; animation_delay=&#8221;0&#8243; simplified_controls=&#8221;yes&#8221; custom_css_percentage=&#8221;no&#8221; padding_vertical=&#8221;0&#8243; padding_horizontal=&#8221;0&#8243; margin_vertical=&#8221;0&#8243; custom_css=&#8221;margin-top: 0px;margin-bottom: 0px;&#8221; border_size=&#8221;0&#8243; border_styling_global=&#8221;default&#8221; width=&#8221;1\/1&#8243; el_position=&#8221;first last&#8221;]<\/p>\n<a href=\"\/produkt-kategorie\/gutscheine\/\" class=\"header-gutschein-btn\">GUTSCHEIN<br>KAUFEN<\/a>\n<p>[\/spb_text_block] [spb_text_block animation=&#8221;none&#8221; animation_delay=&#8221;0&#8243; simplified_controls=&#8221;yes&#8221; custom_css_percentage=&#8221;no&#8221; padding_vertical=&#8221;0&#8243; padding_horizontal=&#8221;0&#8243; margin_vertical=&#8221;0&#8243; custom_css=&#8221;margin-top: 0px;margin-bottom: 0px;&#8221; border_size=&#8221;0&#8243; border_styling_global=&#8221;default&#8221; width=&#8221;1\/1&#8243; el_position=&#8221;first last&#8221;]<\/p>\n<p><a href=\"https:\/\/www.booster.ch\/onlineshop\/\"><img data-recalc-dims=\"1\" loading=\"lazy\" decoding=\"async\" class=\"logo-home-mobile aligncenter wp-image-438 size-full\" src=\"https:\/\/i0.wp.com\/www.booster.ch\/wp-content\/uploads\/2020\/11\/boutique-booster-logo.png?resize=528%2C268&#038;ssl=1\" alt=\"Logo Boutique Booster\" width=\"528\" height=\"268\" srcset=\"https:\/\/i0.wp.com\/www.booster.ch\/wp-content\/uploads\/2020\/11\/boutique-booster-logo.png?w=528&amp;ssl=1 528w, https:\/\/i0.wp.com\/www.booster.ch\/wp-content\/uploads\/2020\/11\/boutique-booster-logo.png?resize=500%2C254&amp;ssl=1 500w, https:\/\/i0.wp.com\/www.booster.ch\/wp-content\/uploads\/2020\/11\/boutique-booster-logo.png?resize=18%2C9&amp;ssl=1 18w, https:\/\/i0.wp.com\/www.booster.ch\/wp-content\/uploads\/2020\/11\/boutique-booster-logo.png?resize=200%2C102&amp;ssl=1 200w\" sizes=\"auto, (max-width: 528px) 100vw, 528px\" \/><\/a><\/p>\n<p>[\/spb_text_block] [spb_blank_spacer height=&#8221;60px&#8221; width=&#8221;1\/1&#8243; el_position=&#8221;first last&#8221;] [spb_text_block animation=&#8221;none&#8221; animation_delay=&#8221;0&#8243; simplified_controls=&#8221;yes&#8221; custom_css_percentage=&#8221;no&#8221; padding_vertical=&#8221;0&#8243; padding_horizontal=&#8221;0&#8243; margin_vertical=&#8221;0&#8243; custom_css=&#8221;margin-top: 0px;margin-bottom: 0px;&#8221; border_size=&#8221;0&#8243; border_styling_global=&#8221;default&#8221; el_class=&#8221;social-icons-home&#8221; width=&#8221;1\/1&#8243; el_position=&#8221;first last&#8221;]<\/p>\n<p style=\"text-align: center;\"><span style=\"color: #ffffff;\">Follow us<\/span><br \/>\n<a href=\"http:\/\/www.facebook.com\/boutiquebooster\" target=\"_blank\" rel=\"noopener noreferrer\"><img data-recalc-dims=\"1\" loading=\"lazy\" decoding=\"async\" class=\"alignnone wp-image-650\" style=\"width: 36px; max-width: 36px;\" src=\"https:\/\/i0.wp.com\/www.booster.ch\/wp-content\/uploads\/2020\/11\/facebook-icon.png?resize=36%2C36&#038;ssl=1\" alt=\"\" width=\"36\" height=\"36\"><\/a> \u00a0<a href=\"http:\/\/instagram.com\/boosterboutique\/\" target=\"_blank\" rel=\"noopener noreferrer\"><img data-recalc-dims=\"1\" loading=\"lazy\" decoding=\"async\" class=\"alignnone wp-image-649\" style=\"width: 36px; max-width: 36px;\" src=\"https:\/\/i0.wp.com\/www.booster.ch\/wp-content\/uploads\/2020\/11\/instagram-icon-1.png?resize=36%2C36&#038;ssl=1\" alt=\"\" width=\"36\" height=\"36\"><\/a><\/p>\n<p>[\/spb_text_block] [\/spb_row] [spb_row row_responsive_vis=&#8221;hidden-lg_hidden-md&#8221; element_name=&#8221;Row&#8221; wrap_type=&#8221;standard-width&#8221; row_bg_type=&#8221;color&#8221; color_row_height=&#8221;content-height&#8221; bg_type=&#8221;cover&#8221; parallax_image_height=&#8221;content-height&#8221; parallax_image_movement=&#8221;fixed&#8221; parallax_image_speed=&#8221;standard&#8221; bg_video_loop=&#8221;yes&#8221; parallax_video_height=&#8221;window-height&#8221; row_top_style=&#8221;none&#8221; row_bottom_style=&#8221;none&#8221; parallax_video_overlay=&#8221;none&#8221; row_overlay_opacity=&#8221;0&#8243; remove_element_spacing=&#8221;no&#8221; row_col_spacing=&#8221;0&#8243; row_col_pos=&#8221;default&#8221; row_col_equal_heights=&#8221;no&#8221; row_expanding=&#8221;no&#8221; row_animation=&#8221;none&#8221; row_animation_delay=&#8221;0&#8243; minimize_row=&#8221;yes&#8221; simplified_controls=&#8221;yes&#8221; custom_css_percentage=&#8221;no&#8221; custom_css=&#8221;margin-top: 0px;margin-bottom: 0px;&#8221; border_styling_global=&#8221;default&#8221; width=&#8221;1\/1&#8243; el_position=&#8221;first last&#8221;] [spb_text_block animation=&#8221;none&#8221; animation_delay=&#8221;0&#8243; simplified_controls=&#8221;yes&#8221; custom_css_percentage=&#8221;no&#8221; padding_vertical=&#8221;0&#8243; padding_horizontal=&#8221;0&#8243; margin_vertical=&#8221;0&#8243; custom_css=&#8221;margin-top: 0px;margin-bottom: 0px;&#8221; border_size=&#8221;0&#8243; border_styling_global=&#8221;default&#8221; width=&#8221;1\/1&#8243; el_position=&#8221;first last&#8221;]<\/p>\n<h1 style=\"text-align: center;\">BOOSTER \u2013 DAS ORIGINAL. SEIT 1976<\/h1>\n<p>[\/spb_text_block] [\/spb_row] [spb_row element_name=&#8221;Row&#8221; wrap_type=&#8221;full-width-contained&#8221; row_bg_type=&#8221;color&#8221; color_row_height=&#8221;content-height&#8221; bg_type=&#8221;cover&#8221; parallax_image_height=&#8221;content-height&#8221; parallax_image_movement=&#8221;fixed&#8221; parallax_image_speed=&#8221;standard&#8221; bg_video_loop=&#8221;yes&#8221; parallax_video_height=&#8221;window-height&#8221; row_top_style=&#8221;none&#8221; row_bottom_style=&#8221;none&#8221; parallax_video_overlay=&#8221;none&#8221; row_overlay_opacity=&#8221;0&#8243; remove_element_spacing=&#8221;no&#8221; row_col_spacing=&#8221;0&#8243; row_col_pos=&#8221;default&#8221; row_col_equal_heights=&#8221;no&#8221; row_expanding=&#8221;no&#8221; row_animation=&#8221;none&#8221; row_animation_delay=&#8221;0&#8243; minimize_row=&#8221;no&#8221; simplified_controls=&#8221;no&#8221; custom_css_percentage=&#8221;no&#8221; custom_css=&#8221;margin-top: 0px;margin-bottom: 0px;&#8221; border_styling_global=&#8221;default&#8221; el_class=&#8221;front-text&#8221; width=&#8221;1\/1&#8243; el_position=&#8221;first last&#8221;] [spb_text_block animation=&#8221;none&#8221; animation_delay=&#8221;0&#8243; simplified_controls=&#8221;yes&#8221; custom_css_percentage=&#8221;no&#8221; padding_vertical=&#8221;0&#8243; padding_horizontal=&#8221;0&#8243; margin_vertical=&#8221;0&#8243; custom_css=&#8221;margin-top: 0px;margin-bottom: 0px;&#8221; border_size=&#8221;0&#8243; border_styling_global=&#8221;default&#8221; width=&#8221;1\/1&#8243; el_position=&#8221;first last&#8221;]<\/p>\n<p style=\"text-align: center;\">Booster wurde 1976 von Irene und Pierre Montandon gegr\u00fcndet. Auch heute ist die Boutique Booster ein Familienunternehmen und wird in der zweiten Generation von den Geschwistern Marlonne, Marina und Roc Montandon engagiert und erfolgreich weitergef\u00fchrt.<\/p>\n<h2 style=\"text-align: center;\">Ein Must-do im Z\u00fcrcher Niederdorf<\/h2>\n<p style=\"text-align: center;\">Booster befindet sich an seinem urspr\u00fcnglichen Standort an der St\u00fcssihofstatt 6 im Herzen des besten Einkaufsviertels in der Z\u00fcrcher Altstadt. Das Gesch\u00e4ft erstreckt sich \u00fcber 250 m2: mit der Bekleidung im Erdgeschoss sowie den Schuhen und Stiefeln im ersten Stock.<\/p>\n<p><strong><a class=\"sf-button standard accent default fat-font sf-button-has-icon\" href=\"\/ueber-uns\" target=\"_self\" rel=\"\"><span class=\"text\">\u00dcber uns<\/span><i class=\"fas fa-chevron-right\"><\/i><\/a><\/strong><\/p>\n<h2 style=\"text-align: center;\">Britischer Street Style<\/h2>\n<p style=\"text-align: center;\">\u00abEs ist einfach ein tolles Gef\u00fchl, wenn etwa eine junge Frau den Kragen ihrer neuen Bluse hochstellt, und du sehen kannst, wie sch\u00f6n sie sich f\u00fchlt.\u00bb<\/p>\n<p style=\"text-align: center;\">Die Montandons haben seit jeher ein feines Gesp\u00fcr f\u00fcr Trends und Individualit\u00e4t \u2013 vorwiegend in der britischen Mode. Und haben sich zudem auf ikonenhafte Styles aus den 20er bis 90er Jahren spezialisiert.<\/p>\n<p><strong><a class=\"sf-button standard accent default fat-font sf-button-has-icon\" href=\"\/marken\" target=\"_self\" rel=\"\"><span class=\"text\">Unsere Marken<\/span><i class=\"fas fa-chevron-right\"><\/i><\/a><\/strong><\/p>\n<h2 style=\"text-align: center;\">Von Biker Boots bis Pumps<\/h2>\n<p style=\"text-align: center;\">Booster, ber\u00fchmt geworden f\u00fcr seine grosse, exklusive Auswahl an Schuhen und Stiefeln f\u00fcr Frauen und M\u00e4nner, f\u00fchrt seit Jahren auch innovative Labels, die bei der Produktion auf tierische Produkte verzichten. Die Geschwister Montandon achten darauf, dass der Grossteil der Labels in Europa produziert werden.<\/p>\n<p>[\/spb_text_block] [spb_products asset_type=&#8221;best-sellers&#8221; category=&#8221;hosen,jacken,stiefel&#8221; display_type=&#8221;gallery&#8221; display_layout=&#8221;standard&#8221; multi_masonry=&#8221;no&#8221; carousel=&#8221;no&#8221; fullwidth=&#8221;no&#8221; columns=&#8221;4&#8243; item_count=&#8221;8&#8243; order=&#8221;DESC&#8221; button_enabled=&#8221;no&#8221; width=&#8221;1\/1&#8243; el_position=&#8221;first last&#8221;] [spb_text_block animation=&#8221;none&#8221; animation_delay=&#8221;0&#8243; simplified_controls=&#8221;yes&#8221; custom_css_percentage=&#8221;no&#8221; padding_vertical=&#8221;0&#8243; padding_horizontal=&#8221;0&#8243; margin_vertical=&#8221;0&#8243; custom_css=&#8221;margin-top: 0px;margin-bottom: 0px;&#8221; border_size=&#8221;0&#8243; border_styling_global=&#8221;default&#8221; width=&#8221;1\/1&#8243; el_position=&#8221;first last&#8221;]<\/p>\n<p><strong><a class=\"sf-button standard accent default fat-font sf-button-has-icon\" href=\"\/onlineshop\" target=\"_self\" rel=\"\"><span class=\"text\">Zum Onlineshop<\/span><i class=\"fas fa-chevron-right\"><\/i><\/a><\/strong><\/p>\n<h2 class=\"p1\">NEU! Secondhand Vintage Corner<\/h2>\n<p class=\"p1\">Hol dir dein exklusives Vintage Piece zum Kombinieren, als Accessoire oder als Liebhaberst\u00fcck. Nach dem Motto renew and reduce: Jetzt vorbeikommen und ausgew\u00e4hlte Vintage Pieces sichern \u2013 neu im Booster Secondhand Vintage Corner!<\/p>\n<p><strong><a class=\"sf-button standard accent default fat-font sf-button-has-icon\" href=\"\/neu-secondhand-vintage-corner\" target=\"_self\" rel=\"\"><span class=\"text\">Mehr <\/span><i class=\"fas fa-chevron-right\"><\/i><\/a><br \/>\n<\/strong><\/p>\n<h2>Willkommen im Booster<\/h2>\n<p>Ob Teddys, Rockabillys, Punks oder Mods \u2013 einfach alle die Retro- und Vintagestyler lieben \u2013 im Booster sind alle willkommen. Unsere Lieblingsteile sind: Petticoats, 50\u2019s Kleider, Latzhosen, Melonen, Zylinder, Parkas, Fliegen, Harringtons, Hemden, Hosen, Westen, Socken, Sonnenbrillen, Beenies, R\u00fcschenhemden, Schlaghosen und Westernhemden.<\/p>\n<p><strong><a class=\"sf-button standard accent default fat-font sf-button-has-icon\" href=\"\/kontakt-lage\" target=\"_self\" rel=\"\"><span class=\"text\">Kontakt und Lage<\/span><i class=\"fas fa-chevron-right\"><\/i><\/a><\/strong><\/p>\n<p>[\/spb_text_block] [spb_text_block animation=&#8221;none&#8221; animation_delay=&#8221;0&#8243; simplified_controls=&#8221;yes&#8221; custom_css_percentage=&#8221;no&#8221; padding_vertical=&#8221;0&#8243; padding_horizontal=&#8221;0&#8243; margin_vertical=&#8221;0&#8243; custom_css=&#8221;margin-top: 0px;margin-bottom: 0px;&#8221; border_size=&#8221;0&#8243; border_styling_global=&#8221;default&#8221; width=&#8221;1\/1&#8243; el_position=&#8221;first last&#8221;]<\/p>\n<h2>Blog und News<\/h2>\n<p>[\/spb_text_block] [spb_recent_posts display_type=&#8221;standard&#8221; carousel=&#8221;no&#8221; item_columns=&#8221;4&#8243; item_count=&#8221;4&#8243; category=&#8221;All&#8221; offset=&#8221;0&#8243; posts_order=&#8221;DESC&#8221; excerpt_length=&#8221;0&#8243; fullwidth=&#8221;no&#8221; gutters=&#8221;yes&#8221; button_enabled=&#8221;no&#8221; pagination=&#8221;yes&#8221; width=&#8221;1\/1&#8243; el_position=&#8221;first last&#8221;] [spb_text_block animation=&#8221;none&#8221; animation_delay=&#8221;0&#8243; simplified_controls=&#8221;yes&#8221; custom_css_percentage=&#8221;no&#8221; padding_vertical=&#8221;0&#8243; padding_horizontal=&#8221;0&#8243; margin_vertical=&#8221;0&#8243; custom_css=&#8221;margin-top: 0px;margin-bottom: 0px;&#8221; border_size=&#8221;0&#8243; border_styling_global=&#8221;default&#8221; width=&#8221;1\/1&#8243; el_position=&#8221;first last&#8221;]<\/p>\n<p><strong><a class=\"sf-button standard accent default fat-font sf-button-has-icon\" href=\"\/news\" target=\"_self\" rel=\"\"><span class=\"text\">Mehr<\/span><i class=\"fas fa-chevron-right\"><\/i><\/a><\/strong><\/p>\n<p>[\/spb_text_block] [\/spb_row]<\/p>\n","protected":false},"excerpt":{"rendered":"<p>[spb_row row_responsive_vis=&#8221;hidden-xs_hidden-sm&#8221; element_name=&#8221;Row&#8221; wrap_type=&#8221;standard-width&#8221; row_bg_type=&#8221;color&#8221; color_row_height=&#8221;content-height&#8221; bg_type=&#8221;cover&#8221; parallax_image_height=&#8221;content-height&#8221; parallax_image_movement=&#8221;fixed&#8221; parallax_image_speed=&#8221;standard&#8221; bg_video_loop=&#8221;yes&#8221; parallax_video_height=&#8221;window-height&#8221; row_top_style=&#8221;none&#8221; row_bottom_style=&#8221;none&#8221; parallax_video_overlay=&#8221;none&#8221; row_overlay_opacity=&#8221;0&#8243; remove_element_spacing=&#8221;no&#8221; row_col_spacing=&#8221;0&#8243; row_col_pos=&#8221;default&#8221; row_col_equal_heights=&#8221;no&#8221; row_expanding=&#8221;no&#8221; row_animation=&#8221;none&#8221; row_animation_delay=&#8221;0&#8243; minimize_row=&#8221;no&#8221; simplified_controls=&#8221;no&#8221; custom_css_percentage=&#8221;no&#8221; custom_css=&#8221;margin-top: 0px;margin-bottom: 0px;&#8221; border_styling_global=&#8221;default&#8221; el_class=&#8221;front-desktop&#8221; width=&#8221;1\/1&#8243; el_position=&#8221;first last&#8221;] [spb_blank_spacer height=&#8221;42px&#8221; width=&#8221;1\/1&#8243; el_position=&#8221;first last&#8221;] [spb_text_block animation=&#8221;none&#8221; animation_delay=&#8221;0&#8243; simplified_controls=&#8221;yes&#8221; custom_css_percentage=&#8221;no&#8221; padding_vertical=&#8221;0&#8243; padding_horizontal=&#8221;0&#8243; margin_vertical=&#8221;0&#8243; custom_css=&#8221;margin-top: 0px;margin-bottom: 0px;&#8221; border_size=&#8221;0&#8243; border_styling_global=&#8221;default&#8221; width=&#8221;1\/1&#8243; el_position=&#8221;first last&#8221;] [\/spb_text_block] [\/spb_row] [spb_row row_responsive_vis=&#8221;hidden-lg_hidden-md&#8221; element_name=&#8221;Row&#8221; [&hellip;]<\/p>\n","protected":false},"author":6,"featured_media":0,"parent":0,"menu_order":0,"comment_status":"closed","ping_status":"closed","template":"","meta":{"inline_featured_image":false,"footnotes":""},"class_list":["post-418","page","type-page","status-publish","hentry"],"jetpack_sharing_enabled":true,"_links":{"self":[{"href":"https:\/\/www.booster.ch\/fr\/wp-json\/wp\/v2\/pages\/418","targetHints":{"allow":["GET"]}}],"collection":[{"href":"https:\/\/www.booster.ch\/fr\/wp-json\/wp\/v2\/pages"}],"about":[{"href":"https:\/\/www.booster.ch\/fr\/wp-json\/wp\/v2\/types\/page"}],"author":[{"embeddable":true,"href":"https:\/\/www.booster.ch\/fr\/wp-json\/wp\/v2\/users\/6"}],"replies":[{"embeddable":true,"href":"https:\/\/www.booster.ch\/fr\/wp-json\/wp\/v2\/comments?post=418"}],"version-history":[{"count":8,"href":"https:\/\/www.booster.ch\/fr\/wp-json\/wp\/v2\/pages\/418\/revisions"}],"predecessor-version":[{"id":7154,"href":"https:\/\/www.booster.ch\/fr\/wp-json\/wp\/v2\/pages\/418\/revisions\/7154"}],"wp:attachment":[{"href":"https:\/\/www.booster.ch\/fr\/wp-json\/wp\/v2\/media?parent=418"}],"curies":[{"name":"wp","href":"https:\/\/api.w.org\/{rel}","templated":true}]}}