{"id":4413,"date":"2023-11-09T18:22:51","date_gmt":"2023-11-09T17:22:51","guid":{"rendered":"https:\/\/www.booster.ch\/produkt\/jeans-levis-slim-straight-high-rise\/"},"modified":"2025-02-08T14:30:22","modified_gmt":"2025-02-08T13:30:22","slug":"jeans-levis-724-slim-straight-high-rise","status":"publish","type":"product","link":"https:\/\/www.booster.ch\/fr\/produkt\/jeans-levis-724-slim-straight-high-rise\/","title":{"rendered":"724 Slim Straight High Rise Jeans"},"content":{"rendered":"<div class=\"pdp-tabs-header\" data-v-5024d1bb=\"\"><strong><span class=\"pdp-tabs-title\" data-v-5024d1bb=\"\">Coupe<\/span><\/strong><\/div>\n<ul>\n<li data-v-5024d1bb=\"\">Taille haute<\/li>\n<li data-v-5024d1bb=\"\">Coupe \u00e9troite au niveau des hanches et des cuisses<\/li>\n<li data-v-5024d1bb=\"\">Jambe droite<\/li>\n<li data-v-5024d1bb=\"\">Dimensions pour la taille 27 : hauteur de ceinture : 26<\/li>\n<li data-v-5024d1bb=\"\">7 cm<\/li>\n<li data-v-5024d1bb=\"\">Longueur d'entrejambe : 66 cm<\/li>\n<li data-v-5024d1bb=\"\">Ouverture de jambe : 34<\/li>\n<li data-v-5024d1bb=\"\">9 cm<\/li>\n<\/ul>\n<div class=\"pdp-tabs-header\" data-v-7bd55726=\"\"><strong><span class=\"pdp-tabs-title\" data-v-7bd55726=\"\">Composition et soins<\/span><\/strong><\/div>\n<div class=\"contentContainer\" data-v-7bd55726=\"\">\n<ul data-v-7bd55726=\"\">\n<li data-v-7bd55726=\"\">62 % coton, 28 % viscose, 8 % polyester, 2 % \u00e9lasthanne<\/li>\n<li data-v-7bd55726=\"\">Denim avec une proportion moyenne de stretch<\/li>\n<li data-v-7bd55726=\"\">Fermeture \u00e0 glissi\u00e8re<\/li>\n<li data-v-7bd55726=\"\">Lavage \u00e0 froid en machine, Lavage et s\u00e9chage \u00e0 l'envers avec des couleurs similaires, Lessive liquide recommand\u00e9e, Nettoyage \u00e0 sec possible, Repassage \u00e0 chaud si n\u00e9cessaire<\/li>\n<\/ul>\n<\/div>","protected":false},"excerpt":{"rendered":"<p>Coupe Taille haute Coupe \u00e9troite aux hanches et aux cuisses Jambe droite Dimensions pour la taille 27 : Hauteur de la taille : 26 7 cm Entrejambe : 66 cm Ouverture de la jambe : 34 9 cm Composition et entretien 62 % coton, 28 % viscose, 8 % polyester, 2 % \u00e9lasthanne Denim avec stretch moyen Fermeture \u00e0 glissi\u00e8re Lavage \u00e0 froid en machine, Lavage et s\u00e9chage \u00e0 l'envers avec des couleurs similaires, Lessive liquide recommand\u00e9e, Nettoyage \u00e0 sec possible, Repassage \u00e0 chaud si n\u00e9cessaire<\/p>","protected":false},"featured_media":5724,"comment_status":"open","ping_status":"closed","template":"","meta":{"inline_featured_image":false},"pwb-brand":[40],"product_brand":[],"product_cat":[30,49,53],"product_tag":[],"class_list":{"0":"post-4413","1":"product","2":"type-product","3":"status-publish","4":"has-post-thumbnail","6":"pwb-brand-levis","7":"product_cat-damen","8":"product_cat-hosen","9":"product_cat-jeans","11":"first","12":"instock","13":"taxable","14":"shipping-taxable","15":"purchasable","16":"product-type-variable"},"jetpack_sharing_enabled":true,"brands":[{"id":40,"name":"Levi's","slug":"levis"}],"_links":{"self":[{"href":"https:\/\/www.booster.ch\/fr\/wp-json\/wp\/v2\/product\/4413","targetHints":{"allow":["GET"]}}],"collection":[{"href":"https:\/\/www.booster.ch\/fr\/wp-json\/wp\/v2\/product"}],"about":[{"href":"https:\/\/www.booster.ch\/fr\/wp-json\/wp\/v2\/types\/product"}],"replies":[{"embeddable":true,"href":"https:\/\/www.booster.ch\/fr\/wp-json\/wp\/v2\/comments?post=4413"}],"wp:featuredmedia":[{"embeddable":true,"href":"https:\/\/www.booster.ch\/fr\/wp-json\/wp\/v2\/media\/5724"}],"wp:attachment":[{"href":"https:\/\/www.booster.ch\/fr\/wp-json\/wp\/v2\/media?parent=4413"}],"wp:term":[{"taxonomy":"pwb-brand","embeddable":true,"href":"https:\/\/www.booster.ch\/fr\/wp-json\/wp\/v2\/pwb-brand?post=4413"},{"taxonomy":"product_brand","embeddable":true,"href":"https:\/\/www.booster.ch\/fr\/wp-json\/wp\/v2\/product_brand?post=4413"},{"taxonomy":"product_cat","embeddable":true,"href":"https:\/\/www.booster.ch\/fr\/wp-json\/wp\/v2\/product_cat?post=4413"},{"taxonomy":"product_tag","embeddable":true,"href":"https:\/\/www.booster.ch\/fr\/wp-json\/wp\/v2\/product_tag?post=4413"}],"curies":[{"name":"wp","href":"https:\/\/api.w.org\/{rel}","templated":true}]}}