{"id":4418,"date":"2023-11-09T18:22:51","date_gmt":"2023-11-09T17:22:51","guid":{"rendered":"https:\/\/www.booster.ch\/produkt\/lederjacke-perfecto-ricano-2\/"},"modified":"2026-01-20T11:19:48","modified_gmt":"2026-01-20T10:19:48","slug":"veste-en-cuir-perfecto-ricano-homme","status":"publish","type":"product","link":"https:\/\/www.booster.ch\/fr\/produkt\/lederjacke-perfecto-ricano-herren\/","title":{"rendered":"Veste en cuir Perfecto"},"content":{"rendered":"<p>Le blouson en cuir Perfecto a \u00e9t\u00e9 con\u00e7u par Irving Schott dans les ann\u00e9es 1920 et est depuis devenu un symbole de r\u00e9bellion et de style. Con\u00e7u \u00e0 l'origine pour les motards, il est rapidement devenu une ic\u00f4ne de la culture rock et pop. Le blouson en cuir RICANO BRANDO \u00e0 la coupe Perfecto perp\u00e9tue cette tradition et offre une interpr\u00e9tation moderne d'un design classique.<\/p>\n<ul>\n<li>Doublure int\u00e9rieure de haute qualit\u00e9 avec le label RICANO.<\/li>\n<li>Cuir de buffle nappa robuste et durable en noir classique.<\/li>\n<li>Large col requin rockabilly avec boutons-pression argent\u00e9s.<\/li>\n<li>Larges \u00e9paulettes avec boutons-pression comme application marquante.<\/li>\n<li>Des fermetures \u00e0 glissi\u00e8re larges et de haute qualit\u00e9 comme signe distinctif du RICANO BRANDO.<\/li>\n<li>Poche de poitrine diagonale et poche lat\u00e9rale, chacune avec une fermeture \u00e0 glissi\u00e8re marqu\u00e9e.<\/li>\n<li>Poche traditionnelle avec rabat et bouton-pression au niveau des hanches, plus une poche int\u00e9rieure.<\/li>\n<li>Larges fermetures \u00e0 glissi\u00e8re avec zips distinctifs aux extr\u00e9mit\u00e9s des manches.<\/li>\n<\/ul>\n<p>&nbsp;<\/p>\n<table class=\"table table-striped product-detail-properties-table\">\n<tbody>\n<tr class=\"properties-row\">\n<th class=\"properties-label\">Ajustement :<\/th>\n<td class=\"properties-value\">coupe r\u00e9guli\u00e8re<\/td>\n<\/tr>\n<tr class=\"properties-row\">\n<th class=\"properties-label\">Doublure int\u00e9rieure :<\/th>\n<td class=\"properties-value\">Polysatin<\/td>\n<\/tr>\n<tr class=\"properties-row\">\n<th class=\"properties-label\">Mat\u00e9riau ext\u00e9rieur :<\/th>\n<td class=\"properties-value\">Cuir de buffle nappa<\/td>\n<\/tr>\n<\/tbody>\n<\/table>","protected":false},"excerpt":{"rendered":"<p>Die Perfecto Lederjacke wurde in den 1920er Jahren von Irving Schott entworfen und ist seitdem ein Symbol f\u00fcr Rebellion und Stil. Urspr\u00fcnglich f\u00fcr Motorradfahrer entwickelt, wurde sie schnell zur Ikone der Rock- und Popkultur. Die RICANO BRANDO Lederjacke im Perfecto-Schnitt setzt diese Tradition fort und bietet eine moderne Interpretation eines klassischen Designs. Hochwertiges Innenfutter mit RICANO-Label. Robustes und langlebiges B\u00fcffel-Nappa-Leder [&hellip;]<\/p>\n","protected":false},"featured_media":5765,"comment_status":"open","ping_status":"closed","template":"","meta":{"inline_featured_image":false},"pwb-brand":[43],"product_brand":[],"product_cat":[28,50,51],"product_tag":[],"class_list":{"0":"post-4418","1":"product","2":"type-product","3":"status-publish","4":"has-post-thumbnail","6":"pwb-brand-ricano","7":"product_cat-herren","8":"product_cat-jacken","9":"product_cat-lederjacken","11":"first","12":"instock","13":"taxable","14":"shipping-taxable","15":"purchasable","16":"product-type-variable"},"jetpack_sharing_enabled":true,"brands":[{"id":43,"name":"Ricano","slug":"ricano"}],"_links":{"self":[{"href":"https:\/\/www.booster.ch\/fr\/wp-json\/wp\/v2\/product\/4418","targetHints":{"allow":["GET"]}}],"collection":[{"href":"https:\/\/www.booster.ch\/fr\/wp-json\/wp\/v2\/product"}],"about":[{"href":"https:\/\/www.booster.ch\/fr\/wp-json\/wp\/v2\/types\/product"}],"replies":[{"embeddable":true,"href":"https:\/\/www.booster.ch\/fr\/wp-json\/wp\/v2\/comments?post=4418"}],"wp:featuredmedia":[{"embeddable":true,"href":"https:\/\/www.booster.ch\/fr\/wp-json\/wp\/v2\/media\/5765"}],"wp:attachment":[{"href":"https:\/\/www.booster.ch\/fr\/wp-json\/wp\/v2\/media?parent=4418"}],"wp:term":[{"taxonomy":"pwb-brand","embeddable":true,"href":"https:\/\/www.booster.ch\/fr\/wp-json\/wp\/v2\/pwb-brand?post=4418"},{"taxonomy":"product_brand","embeddable":true,"href":"https:\/\/www.booster.ch\/fr\/wp-json\/wp\/v2\/product_brand?post=4418"},{"taxonomy":"product_cat","embeddable":true,"href":"https:\/\/www.booster.ch\/fr\/wp-json\/wp\/v2\/product_cat?post=4418"},{"taxonomy":"product_tag","embeddable":true,"href":"https:\/\/www.booster.ch\/fr\/wp-json\/wp\/v2\/product_tag?post=4418"}],"curies":[{"name":"wp","href":"https:\/\/api.w.org\/{rel}","templated":true}]}}