{"id":4421,"date":"2023-11-09T18:22:52","date_gmt":"2023-11-09T17:22:52","guid":{"rendered":"https:\/\/www.booster.ch\/produkt\/unterrock-pettycoat-hell-bunny\/"},"modified":"2026-04-16T12:15:49","modified_gmt":"2026-04-16T10:15:49","slug":"jupon-jupon-clair-bunny","status":"publish","type":"product","link":"https:\/\/www.booster.ch\/fr\/produkt\/unterrock-petticoat-hell-bunny\/","title":{"rendered":"Jupon \/ jupon"},"content":{"rendered":"<p>R\u00e9glable \u00e0 la taille avec un \u00e9lastique<\/p>","protected":false},"excerpt":{"rendered":"<p>R\u00e9glable \u00e0 la taille avec un \u00e9lastique<\/p>","protected":false},"featured_media":5711,"comment_status":"open","ping_status":"closed","template":"","meta":{"inline_featured_image":false},"pwb-brand":[45],"product_brand":[],"product_cat":[35,30,55],"product_tag":[],"class_list":{"0":"post-4421","1":"product","2":"type-product","3":"status-publish","4":"has-post-thumbnail","6":"pwb-brand-hell-bunny","7":"product_cat-accessoires","8":"product_cat-damen","9":"product_cat-roecke","11":"first","12":"instock","13":"taxable","14":"shipping-taxable","15":"purchasable","16":"product-type-simple"},"jetpack_sharing_enabled":true,"brands":[{"id":45,"name":"Hell Bunny","slug":"lapin-clair"}],"_links":{"self":[{"href":"https:\/\/www.booster.ch\/fr\/wp-json\/wp\/v2\/product\/4421","targetHints":{"allow":["GET"]}}],"collection":[{"href":"https:\/\/www.booster.ch\/fr\/wp-json\/wp\/v2\/product"}],"about":[{"href":"https:\/\/www.booster.ch\/fr\/wp-json\/wp\/v2\/types\/product"}],"replies":[{"embeddable":true,"href":"https:\/\/www.booster.ch\/fr\/wp-json\/wp\/v2\/comments?post=4421"}],"wp:featuredmedia":[{"embeddable":true,"href":"https:\/\/www.booster.ch\/fr\/wp-json\/wp\/v2\/media\/5711"}],"wp:attachment":[{"href":"https:\/\/www.booster.ch\/fr\/wp-json\/wp\/v2\/media?parent=4421"}],"wp:term":[{"taxonomy":"pwb-brand","embeddable":true,"href":"https:\/\/www.booster.ch\/fr\/wp-json\/wp\/v2\/pwb-brand?post=4421"},{"taxonomy":"product_brand","embeddable":true,"href":"https:\/\/www.booster.ch\/fr\/wp-json\/wp\/v2\/product_brand?post=4421"},{"taxonomy":"product_cat","embeddable":true,"href":"https:\/\/www.booster.ch\/fr\/wp-json\/wp\/v2\/product_cat?post=4421"},{"taxonomy":"product_tag","embeddable":true,"href":"https:\/\/www.booster.ch\/fr\/wp-json\/wp\/v2\/product_tag?post=4421"}],"curies":[{"name":"wp","href":"https:\/\/api.w.org\/{rel}","templated":true}]}}