{"id":4618,"date":"2023-11-10T17:49:30","date_gmt":"2023-11-10T16:49:30","guid":{"rendered":"https:\/\/www.booster.ch\/?post_type=product&#038;p=4618"},"modified":"2026-01-16T17:44:34","modified_gmt":"2026-01-16T16:44:34","slug":"veste-en-cuir-perfecto-femme","status":"publish","type":"product","link":"https:\/\/www.booster.ch\/fr\/produkt\/lederjacke-perfecto-damen\/","title":{"rendered":"Veste en cuir Perfecto"},"content":{"rendered":"<p>Le blouson en cuir Perfecto a \u00e9t\u00e9 con\u00e7u par Irving Schott dans les ann\u00e9es 1920 et est depuis devenu un symbole de r\u00e9bellion et de style. Con\u00e7u \u00e0 l'origine pour les motards, il est rapidement devenu une ic\u00f4ne de la culture rock et pop. Le blouson en cuir RICANO BRANDO GIRLS \u00e0 la coupe Perfecto perp\u00e9tue cette tradition et offre une interpr\u00e9tation moderne d'un design classique.<\/p>\n<p>La veste convainc par ses nombreux d\u00e9tails. La large fermeture \u00e0 glissi\u00e8re frontale attire l'attention, tout comme la ceinture frontale r\u00e9glable avec des trous bord\u00e9s d'argent et une boucle argent\u00e9e. BRANDO GIRLS dispose d'\u00e9paulettes, de fermetures \u00e0 glissi\u00e8re en bas des manches, de deux poches lat\u00e9rales et d'une poche de poitrine avec fermeture \u00e0 glissi\u00e8re ainsi que d'une petite poche avant rabattable avec bouton-pression. Le col, \u00e9galement dot\u00e9 d'un bouton-pression, peut \u00eatre port\u00e9 ouvert ou relev\u00e9 \u00e0 la mani\u00e8re de James Dean.<\/p>\n<p>La veste en cuir RICANO BRANDO GIRLS n'est donc pas seulement un v\u00eatement, mais aussi un morceau d'histoire et un accroche-regard absolu.<\/p>\n<table class=\"table table-striped product-detail-properties-table\">\n<tbody>\n<tr class=\"properties-row\">\n<th class=\"properties-label\">Ajustement :<\/th>\n<td class=\"properties-value\">coupe r\u00e9guli\u00e8re<\/td>\n<\/tr>\n<tr class=\"properties-row\">\n<th class=\"properties-label\">Doublure int\u00e9rieure :<\/th>\n<td class=\"properties-value\">Polysatin<\/td>\n<\/tr>\n<tr class=\"properties-row\">\n<th class=\"properties-label\">Mat\u00e9riau ext\u00e9rieur :<\/th>\n<td class=\"properties-value\">Cuir de buffle nappa<\/td>\n<\/tr>\n<\/tbody>\n<\/table>","protected":false},"excerpt":{"rendered":"<p>Die Perfecto Lederjacke wurde in den 1920er Jahren von Irving Schott entworfen und ist seitdem ein Symbol f\u00fcr Rebellion und Stil. Urspr\u00fcnglich f\u00fcr Motorradfahrer entwickelt, wurde sie schnell zur Ikone der Rock- und Popkultur. Die RICANO BRANDO GIRLS Lederjacke im Perfecto-Schnitt setzt diese Tradition fort und bietet eine moderne Interpretation eines klassischen Designs. Die Jacke \u00fcberzeugt mit zahlreichen Details. Der [&hellip;]<\/p>\n","protected":false},"featured_media":5770,"comment_status":"closed","ping_status":"closed","template":"","meta":{"inline_featured_image":false},"pwb-brand":[43],"product_brand":[],"product_cat":[30,50,51],"product_tag":[],"class_list":{"0":"post-4618","1":"product","2":"type-product","3":"status-publish","4":"has-post-thumbnail","6":"pwb-brand-ricano","7":"product_cat-damen","8":"product_cat-jacken","9":"product_cat-lederjacken","11":"first","12":"instock","13":"taxable","14":"shipping-taxable","15":"purchasable","16":"product-type-variable"},"jetpack_sharing_enabled":true,"brands":[{"id":43,"name":"Ricano","slug":"ricano"}],"_links":{"self":[{"href":"https:\/\/www.booster.ch\/fr\/wp-json\/wp\/v2\/product\/4618","targetHints":{"allow":["GET"]}}],"collection":[{"href":"https:\/\/www.booster.ch\/fr\/wp-json\/wp\/v2\/product"}],"about":[{"href":"https:\/\/www.booster.ch\/fr\/wp-json\/wp\/v2\/types\/product"}],"replies":[{"embeddable":true,"href":"https:\/\/www.booster.ch\/fr\/wp-json\/wp\/v2\/comments?post=4618"}],"wp:featuredmedia":[{"embeddable":true,"href":"https:\/\/www.booster.ch\/fr\/wp-json\/wp\/v2\/media\/5770"}],"wp:attachment":[{"href":"https:\/\/www.booster.ch\/fr\/wp-json\/wp\/v2\/media?parent=4618"}],"wp:term":[{"taxonomy":"pwb-brand","embeddable":true,"href":"https:\/\/www.booster.ch\/fr\/wp-json\/wp\/v2\/pwb-brand?post=4618"},{"taxonomy":"product_brand","embeddable":true,"href":"https:\/\/www.booster.ch\/fr\/wp-json\/wp\/v2\/product_brand?post=4618"},{"taxonomy":"product_cat","embeddable":true,"href":"https:\/\/www.booster.ch\/fr\/wp-json\/wp\/v2\/product_cat?post=4618"},{"taxonomy":"product_tag","embeddable":true,"href":"https:\/\/www.booster.ch\/fr\/wp-json\/wp\/v2\/product_tag?post=4618"}],"curies":[{"name":"wp","href":"https:\/\/api.w.org\/{rel}","templated":true}]}}