{"id":4812,"date":"2023-11-21T23:34:33","date_gmt":"2023-11-21T22:34:33","guid":{"rendered":"https:\/\/www.booster.ch\/produkt\/chelsea-boot-2\/"},"modified":"2026-04-16T14:58:55","modified_gmt":"2026-04-16T12:58:55","slug":"blundstone-510-elastic-sided-chelsea-boot","status":"publish","type":"product","link":"https:\/\/www.booster.ch\/fr\/produkt\/blundstone-510-elastic-sided-chelsea-boot\/","title":{"rendered":"510 Bottes \u00e9lastiques en chelsea"},"content":{"rendered":"<p>Chaussure d'ext\u00e9rieur noire imperm\u00e9able de Tasmanie, Australie (510 Elastic Sided Boot), cuir, fabriqu\u00e9e au Vietnam depuis 1870.<\/p>","protected":false},"excerpt":{"rendered":"<p>Chaussure d'ext\u00e9rieur noire imperm\u00e9able de Tasmanie, Australie (510 Elastic Sided Boot), cuir, fabriqu\u00e9e au Vietnam depuis 1870.<\/p>","protected":false},"featured_media":5585,"comment_status":"open","ping_status":"closed","template":"","meta":{"inline_featured_image":false},"pwb-brand":[58],"product_brand":[],"product_cat":[80,73,34],"product_tag":[],"class_list":{"0":"post-4812","1":"product","2":"type-product","3":"status-publish","4":"has-post-thumbnail","6":"pwb-brand-blundstone","7":"product_cat-chelsea-stiefel","8":"product_cat-schuhe","9":"product_cat-unisex","11":"first","12":"instock","13":"taxable","14":"shipping-taxable","15":"purchasable","16":"product-type-variable"},"jetpack_sharing_enabled":true,"brands":[{"id":58,"name":"Blundstone","slug":"blundstone"}],"_links":{"self":[{"href":"https:\/\/www.booster.ch\/fr\/wp-json\/wp\/v2\/product\/4812","targetHints":{"allow":["GET"]}}],"collection":[{"href":"https:\/\/www.booster.ch\/fr\/wp-json\/wp\/v2\/product"}],"about":[{"href":"https:\/\/www.booster.ch\/fr\/wp-json\/wp\/v2\/types\/product"}],"replies":[{"embeddable":true,"href":"https:\/\/www.booster.ch\/fr\/wp-json\/wp\/v2\/comments?post=4812"}],"wp:featuredmedia":[{"embeddable":true,"href":"https:\/\/www.booster.ch\/fr\/wp-json\/wp\/v2\/media\/5585"}],"wp:attachment":[{"href":"https:\/\/www.booster.ch\/fr\/wp-json\/wp\/v2\/media?parent=4812"}],"wp:term":[{"taxonomy":"pwb-brand","embeddable":true,"href":"https:\/\/www.booster.ch\/fr\/wp-json\/wp\/v2\/pwb-brand?post=4812"},{"taxonomy":"product_brand","embeddable":true,"href":"https:\/\/www.booster.ch\/fr\/wp-json\/wp\/v2\/product_brand?post=4812"},{"taxonomy":"product_cat","embeddable":true,"href":"https:\/\/www.booster.ch\/fr\/wp-json\/wp\/v2\/product_cat?post=4812"},{"taxonomy":"product_tag","embeddable":true,"href":"https:\/\/www.booster.ch\/fr\/wp-json\/wp\/v2\/product_tag?post=4812"}],"curies":[{"name":"wp","href":"https:\/\/api.w.org\/{rel}","templated":true}]}}