{"id":4816,"date":"2023-11-21T23:34:33","date_gmt":"2023-11-21T22:34:33","guid":{"rendered":"https:\/\/www.booster.ch\/produkt\/turnschuh\/"},"modified":"2026-03-05T14:30:29","modified_gmt":"2026-03-05T13:30:29","slug":"gola-chaussure-de-sport-harrier-suede","status":"publish","type":"product","link":"https:\/\/www.booster.ch\/fr\/produkt\/gola-turnschuh-harrier-suede\/","title":{"rendered":"Chaussure de sport Harrier Suede"},"content":{"rendered":"<p>Chaussures de sport dans les couleurs noir, blanc cass\u00e9 &amp; kaki, fabriqu\u00e9es en Indon\u00e9sie, depuis 1905.<\/p>","protected":false},"excerpt":{"rendered":"<p>Chaussures de sport dans les couleurs noir, blanc cass\u00e9 &amp; kaki, fabriqu\u00e9es en Indon\u00e9sie, depuis 1905.<\/p>","protected":false},"featured_media":5570,"comment_status":"open","ping_status":"closed","template":"","meta":{"inline_featured_image":false},"pwb-brand":[61],"product_brand":[],"product_cat":[28,73,83],"product_tag":[],"class_list":{"0":"post-4816","1":"product","2":"type-product","3":"status-publish","4":"has-post-thumbnail","6":"pwb-brand-gola","7":"product_cat-herren","8":"product_cat-schuhe","9":"product_cat-turnschuhe","11":"first","12":"instock","13":"taxable","14":"shipping-taxable","15":"purchasable","16":"product-type-variable"},"jetpack_sharing_enabled":true,"brands":[{"id":61,"name":"Gola","slug":"gola"}],"_links":{"self":[{"href":"https:\/\/www.booster.ch\/fr\/wp-json\/wp\/v2\/product\/4816","targetHints":{"allow":["GET"]}}],"collection":[{"href":"https:\/\/www.booster.ch\/fr\/wp-json\/wp\/v2\/product"}],"about":[{"href":"https:\/\/www.booster.ch\/fr\/wp-json\/wp\/v2\/types\/product"}],"replies":[{"embeddable":true,"href":"https:\/\/www.booster.ch\/fr\/wp-json\/wp\/v2\/comments?post=4816"}],"wp:featuredmedia":[{"embeddable":true,"href":"https:\/\/www.booster.ch\/fr\/wp-json\/wp\/v2\/media\/5570"}],"wp:attachment":[{"href":"https:\/\/www.booster.ch\/fr\/wp-json\/wp\/v2\/media?parent=4816"}],"wp:term":[{"taxonomy":"pwb-brand","embeddable":true,"href":"https:\/\/www.booster.ch\/fr\/wp-json\/wp\/v2\/pwb-brand?post=4816"},{"taxonomy":"product_brand","embeddable":true,"href":"https:\/\/www.booster.ch\/fr\/wp-json\/wp\/v2\/product_brand?post=4816"},{"taxonomy":"product_cat","embeddable":true,"href":"https:\/\/www.booster.ch\/fr\/wp-json\/wp\/v2\/product_cat?post=4816"},{"taxonomy":"product_tag","embeddable":true,"href":"https:\/\/www.booster.ch\/fr\/wp-json\/wp\/v2\/product_tag?post=4816"}],"curies":[{"name":"wp","href":"https:\/\/api.w.org\/{rel}","templated":true}]}}