{"id":6291,"date":"2024-02-06T17:03:54","date_gmt":"2024-02-06T16:03:54","guid":{"rendered":"https:\/\/www.booster.ch\/?post_type=product&#038;p=6291"},"modified":"2024-10-09T12:27:13","modified_gmt":"2024-10-09T10:27:13","slug":"cheque-cadeau","status":"publish","type":"product","link":"https:\/\/www.booster.ch\/fr\/produkt\/gutschein\/","title":{"rendered":"Bon d'achat"},"content":{"rendered":"<p>Offre de la joie avec notre ch\u00e8que-cadeau exclusif ! Surprends ceux que tu aimes en leur offrant le libre choix dans notre assortiment vari\u00e9. Qu'il s'agisse de v\u00eatements, d'accessoires ou de chaussures - avec ce bon, tu offres la possibilit\u00e9 de choisir toi-m\u00eame le cadeau parfait. Un cadeau qui convient toujours et qui fait briller les yeux.<\/p>\n<p>Ce bon est envoy\u00e9 sous forme num\u00e9rique et peut \u00eatre utilis\u00e9 dans la boutique en ligne ou dans notre magasin du Niederdorf !<\/p>","protected":false},"excerpt":{"rendered":"<p>Verschenke Freude mit unserem exklusiven Geschenkgutschein! \u00dcberrasche deine Liebsten mit der freien Auswahl aus unserem vielf\u00e4ltigen Sortiment. Ob Kleider, Accessoires oder\u00a0 Schuhe\u2013 mit diesem Gutschein verschenkst du die M\u00f6glichkeit, das perfekte Geschenk selbst auszusuchen. Ein Geschenk, das immer passt und f\u00fcr strahlende Augen sorgt. Dieser Gutschein wird digital zugestellt und ist einl\u00f6sbar im Onlineshop oder auch in unserem Laden im [&hellip;]<\/p>\n","protected":false},"featured_media":6309,"comment_status":"closed","ping_status":"closed","template":"","meta":{"inline_featured_image":false},"pwb-brand":[56],"product_brand":[],"product_cat":[161],"product_tag":[],"class_list":{"0":"post-6291","1":"product","2":"type-product","3":"status-publish","4":"has-post-thumbnail","6":"pwb-brand-booster","7":"product_cat-gutscheine","9":"first","10":"instock","11":"taxable","12":"shipping-taxable","13":"purchasable","14":"product-type-variable"},"jetpack_sharing_enabled":true,"brands":[{"id":56,"name":"Booster","slug":"booster"}],"_links":{"self":[{"href":"https:\/\/www.booster.ch\/fr\/wp-json\/wp\/v2\/product\/6291","targetHints":{"allow":["GET"]}}],"collection":[{"href":"https:\/\/www.booster.ch\/fr\/wp-json\/wp\/v2\/product"}],"about":[{"href":"https:\/\/www.booster.ch\/fr\/wp-json\/wp\/v2\/types\/product"}],"replies":[{"embeddable":true,"href":"https:\/\/www.booster.ch\/fr\/wp-json\/wp\/v2\/comments?post=6291"}],"wp:featuredmedia":[{"embeddable":true,"href":"https:\/\/www.booster.ch\/fr\/wp-json\/wp\/v2\/media\/6309"}],"wp:attachment":[{"href":"https:\/\/www.booster.ch\/fr\/wp-json\/wp\/v2\/media?parent=6291"}],"wp:term":[{"taxonomy":"pwb-brand","embeddable":true,"href":"https:\/\/www.booster.ch\/fr\/wp-json\/wp\/v2\/pwb-brand?post=6291"},{"taxonomy":"product_brand","embeddable":true,"href":"https:\/\/www.booster.ch\/fr\/wp-json\/wp\/v2\/product_brand?post=6291"},{"taxonomy":"product_cat","embeddable":true,"href":"https:\/\/www.booster.ch\/fr\/wp-json\/wp\/v2\/product_cat?post=6291"},{"taxonomy":"product_tag","embeddable":true,"href":"https:\/\/www.booster.ch\/fr\/wp-json\/wp\/v2\/product_tag?post=6291"}],"curies":[{"name":"wp","href":"https:\/\/api.w.org\/{rel}","templated":true}]}}