{"id":6725,"date":"2024-10-29T14:08:16","date_gmt":"2024-10-29T13:08:16","guid":{"rendered":"https:\/\/www.booster.ch\/?post_type=product&#038;p=6725"},"modified":"2024-10-29T15:05:14","modified_gmt":"2024-10-29T14:05:14","slug":"bonnet-booster-noir","status":"publish","type":"product","link":"https:\/\/www.booster.ch\/fr\/produkt\/beanie-booster-schwarz\/","title":{"rendered":"Bonnet BOOSTER Noir"},"content":{"rendered":"<p>Bonnet tricot\u00e9 noir. Peut se porter retrouss\u00e9 comme une casquette de p\u00eacheur ou de mani\u00e8re classique. Avec l'\u00e9tiquette originale BOOSTER. Certifi\u00e9 EcoVero. Fabriqu\u00e9 avec 50% moins d'\u00e9missions de CO2. Lavable \u00e0 40\u00b0. Taille unique. Fabriqu\u00e9 en Chine.<\/p>","protected":false},"excerpt":{"rendered":"<p>Bonnet tricot\u00e9 noir. Peut se porter retrouss\u00e9 comme une casquette de p\u00eacheur ou de mani\u00e8re classique. Avec l'\u00e9tiquette originale BOOSTER. Certifi\u00e9 EcoVero. Fabriqu\u00e9 avec 50% moins d'\u00e9missions de CO2. Lavable \u00e0 40\u00b0. Taille unique. Fabriqu\u00e9 en Chine.<\/p>","protected":false},"featured_media":6727,"comment_status":"closed","ping_status":"closed","template":"","meta":{"inline_featured_image":false},"pwb-brand":[56],"product_brand":[],"product_cat":[35,30,28,34],"product_tag":[],"class_list":{"0":"post-6725","1":"product","2":"type-product","3":"status-publish","4":"has-post-thumbnail","6":"pwb-brand-booster","7":"product_cat-accessoires","8":"product_cat-damen","9":"product_cat-herren","10":"product_cat-unisex","12":"first","13":"instock","14":"taxable","15":"shipping-taxable","16":"purchasable","17":"product-type-simple"},"jetpack_sharing_enabled":true,"brands":[{"id":56,"name":"Booster","slug":"booster"}],"_links":{"self":[{"href":"https:\/\/www.booster.ch\/fr\/wp-json\/wp\/v2\/product\/6725","targetHints":{"allow":["GET"]}}],"collection":[{"href":"https:\/\/www.booster.ch\/fr\/wp-json\/wp\/v2\/product"}],"about":[{"href":"https:\/\/www.booster.ch\/fr\/wp-json\/wp\/v2\/types\/product"}],"replies":[{"embeddable":true,"href":"https:\/\/www.booster.ch\/fr\/wp-json\/wp\/v2\/comments?post=6725"}],"wp:featuredmedia":[{"embeddable":true,"href":"https:\/\/www.booster.ch\/fr\/wp-json\/wp\/v2\/media\/6727"}],"wp:attachment":[{"href":"https:\/\/www.booster.ch\/fr\/wp-json\/wp\/v2\/media?parent=6725"}],"wp:term":[{"taxonomy":"pwb-brand","embeddable":true,"href":"https:\/\/www.booster.ch\/fr\/wp-json\/wp\/v2\/pwb-brand?post=6725"},{"taxonomy":"product_brand","embeddable":true,"href":"https:\/\/www.booster.ch\/fr\/wp-json\/wp\/v2\/product_brand?post=6725"},{"taxonomy":"product_cat","embeddable":true,"href":"https:\/\/www.booster.ch\/fr\/wp-json\/wp\/v2\/product_cat?post=6725"},{"taxonomy":"product_tag","embeddable":true,"href":"https:\/\/www.booster.ch\/fr\/wp-json\/wp\/v2\/product_tag?post=6725"}],"curies":[{"name":"wp","href":"https:\/\/api.w.org\/{rel}","templated":true}]}}