{"id":6894,"date":"2025-04-10T16:30:44","date_gmt":"2025-04-10T14:30:44","guid":{"rendered":"https:\/\/www.booster.ch\/?post_type=product&#038;p=6894"},"modified":"2026-04-15T11:12:44","modified_gmt":"2026-04-15T09:12:44","slug":"chaussure-basse-hey-dude-homme-2","status":"publish","type":"product","link":"https:\/\/www.booster.ch\/fr\/produkt\/halbschuh-hey-dude-herren-2\/","title":{"rendered":"Chaussures basses Hey Dude Hommes"},"content":{"rendered":"<p>Chaussure d'\u00e9t\u00e9 l\u00e9g\u00e8re et verte. Fabriqu\u00e9es au Vietnam.<\/p>","protected":false},"excerpt":{"rendered":"<p>Chaussure d'\u00e9t\u00e9 l\u00e9g\u00e8re et verte. Fabriqu\u00e9es au Vietnam.<\/p>","protected":false},"featured_media":6929,"comment_status":"closed","ping_status":"closed","template":"","meta":{"inline_featured_image":false},"pwb-brand":[172],"product_brand":[],"product_cat":[81,28,73],"product_tag":[],"class_list":{"0":"post-6894","1":"product","2":"type-product","3":"status-publish","4":"has-post-thumbnail","6":"pwb-brand-hey-dude","7":"product_cat-halbschuhe","8":"product_cat-herren","9":"product_cat-schuhe","11":"first","12":"instock","13":"taxable","14":"shipping-taxable","15":"purchasable","16":"product-type-variable"},"jetpack_sharing_enabled":true,"brands":[{"id":172,"name":"H\u00e9 Dude","slug":"hey-dude"}],"_links":{"self":[{"href":"https:\/\/www.booster.ch\/fr\/wp-json\/wp\/v2\/product\/6894","targetHints":{"allow":["GET"]}}],"collection":[{"href":"https:\/\/www.booster.ch\/fr\/wp-json\/wp\/v2\/product"}],"about":[{"href":"https:\/\/www.booster.ch\/fr\/wp-json\/wp\/v2\/types\/product"}],"replies":[{"embeddable":true,"href":"https:\/\/www.booster.ch\/fr\/wp-json\/wp\/v2\/comments?post=6894"}],"wp:featuredmedia":[{"embeddable":true,"href":"https:\/\/www.booster.ch\/fr\/wp-json\/wp\/v2\/media\/6929"}],"wp:attachment":[{"href":"https:\/\/www.booster.ch\/fr\/wp-json\/wp\/v2\/media?parent=6894"}],"wp:term":[{"taxonomy":"pwb-brand","embeddable":true,"href":"https:\/\/www.booster.ch\/fr\/wp-json\/wp\/v2\/pwb-brand?post=6894"},{"taxonomy":"product_brand","embeddable":true,"href":"https:\/\/www.booster.ch\/fr\/wp-json\/wp\/v2\/product_brand?post=6894"},{"taxonomy":"product_cat","embeddable":true,"href":"https:\/\/www.booster.ch\/fr\/wp-json\/wp\/v2\/product_cat?post=6894"},{"taxonomy":"product_tag","embeddable":true,"href":"https:\/\/www.booster.ch\/fr\/wp-json\/wp\/v2\/product_tag?post=6894"}],"curies":[{"name":"wp","href":"https:\/\/api.w.org\/{rel}","templated":true}]}}