{"id":6950,"date":"2025-04-17T15:39:19","date_gmt":"2025-04-17T13:39:19","guid":{"rendered":"https:\/\/www.booster.ch\/?post_type=product&#038;p=6950"},"modified":"2026-03-10T15:43:28","modified_gmt":"2026-03-10T14:43:28","slug":"ballerines-a-bride-vagabond","status":"publish","type":"product","link":"https:\/\/www.booster.ch\/fr\/produkt\/slingballerina-vagabond\/","title":{"rendered":"Ballerine \u00e0 bride Vagabond"},"content":{"rendered":"<p>Chaussures d'\u00e9t\u00e9 tendance en noir avec boucles argent\u00e9es. Fabriqu\u00e9es au Vietnam.<\/p>","protected":false},"excerpt":{"rendered":"<p>Chaussures d'\u00e9t\u00e9 tendance en noir avec boucles argent\u00e9es. Fabriqu\u00e9es au Vietnam.<\/p>","protected":false},"featured_media":6964,"comment_status":"closed","ping_status":"closed","template":"","meta":{"inline_featured_image":false},"pwb-brand":[62],"product_brand":[],"product_cat":[30,174,73],"product_tag":[],"class_list":{"0":"post-6950","1":"product","2":"type-product","3":"status-publish","4":"has-post-thumbnail","6":"pwb-brand-vagabond-shoemakers","7":"product_cat-damen","8":"product_cat-sandalen-schuhe","9":"product_cat-schuhe","11":"first","12":"instock","13":"taxable","14":"shipping-taxable","15":"purchasable","16":"product-type-variable"},"jetpack_sharing_enabled":true,"brands":[{"id":62,"name":"Vagabond Shoemakers","slug":"vagabond-shoemakers"}],"_links":{"self":[{"href":"https:\/\/www.booster.ch\/fr\/wp-json\/wp\/v2\/product\/6950","targetHints":{"allow":["GET"]}}],"collection":[{"href":"https:\/\/www.booster.ch\/fr\/wp-json\/wp\/v2\/product"}],"about":[{"href":"https:\/\/www.booster.ch\/fr\/wp-json\/wp\/v2\/types\/product"}],"replies":[{"embeddable":true,"href":"https:\/\/www.booster.ch\/fr\/wp-json\/wp\/v2\/comments?post=6950"}],"wp:featuredmedia":[{"embeddable":true,"href":"https:\/\/www.booster.ch\/fr\/wp-json\/wp\/v2\/media\/6964"}],"wp:attachment":[{"href":"https:\/\/www.booster.ch\/fr\/wp-json\/wp\/v2\/media?parent=6950"}],"wp:term":[{"taxonomy":"pwb-brand","embeddable":true,"href":"https:\/\/www.booster.ch\/fr\/wp-json\/wp\/v2\/pwb-brand?post=6950"},{"taxonomy":"product_brand","embeddable":true,"href":"https:\/\/www.booster.ch\/fr\/wp-json\/wp\/v2\/product_brand?post=6950"},{"taxonomy":"product_cat","embeddable":true,"href":"https:\/\/www.booster.ch\/fr\/wp-json\/wp\/v2\/product_cat?post=6950"},{"taxonomy":"product_tag","embeddable":true,"href":"https:\/\/www.booster.ch\/fr\/wp-json\/wp\/v2\/product_tag?post=6950"}],"curies":[{"name":"wp","href":"https:\/\/api.w.org\/{rel}","templated":true}]}}