{"id":4418,"date":"2023-11-09T18:22:51","date_gmt":"2023-11-09T17:22:51","guid":{"rendered":"https:\/\/www.booster.ch\/produkt\/lederjacke-perfecto-ricano-2\/"},"modified":"2026-01-20T11:19:48","modified_gmt":"2026-01-20T10:19:48","slug":"giacca-in-pelle-perfecto-ricano-uomo","status":"publish","type":"product","link":"https:\/\/www.booster.ch\/it\/produkt\/lederjacke-perfecto-ricano-herren\/","title":{"rendered":"Giacca in pelle Perfecto"},"content":{"rendered":"<p>La giacca di pelle Perfecto \u00e8 stata disegnata da Irving Schott negli anni Venti e da allora \u00e8 un simbolo di ribellione e stile. Originariamente sviluppata per i motociclisti, \u00e8 diventata rapidamente un'icona della cultura rock e pop. La giacca di pelle RICANO BRANDO nel taglio Perfecto continua questa tradizione e offre un'interpretazione moderna di un design classico.<\/p>\n<ul>\n<li>Fodera interna di alta qualit\u00e0 con etichetta RICANO.<\/li>\n<li>Robusta e resistente nappa di bufalo nel classico colore nero.<\/li>\n<li>Ampio colletto da squalo rockabilly con bottoni a pressione argentati.<\/li>\n<li>Ampie spalline con bottoni a pressione come applicazione d'effetto.<\/li>\n<li>Le cerniere ampie e di alta qualit\u00e0 sono il tratto distintivo del RICANO BRANDO.<\/li>\n<li>Tasca diagonale sul petto e tasca laterale, ognuna con cerniera distintiva.<\/li>\n<li>Tasca tradizionale con patta e bottone a pressione all'altezza dei fianchi, pi\u00f9 una tasca interna.<\/li>\n<li>Ampie cerniere con cerniere distintive all'estremit\u00e0 delle maniche.<\/li>\n<\/ul>\n<p>&nbsp;<\/p>\n<table class=\"table table-striped product-detail-properties-table\">\n<tbody>\n<tr class=\"properties-row\">\n<th class=\"properties-label\">In forma:<\/th>\n<td class=\"properties-value\">Vestibilit\u00e0 regolare<\/td>\n<\/tr>\n<tr class=\"properties-row\">\n<th class=\"properties-label\">Fodera interna:<\/th>\n<td class=\"properties-value\">Polisatina<\/td>\n<\/tr>\n<tr class=\"properties-row\">\n<th class=\"properties-label\">Materiale della tomaia:<\/th>\n<td class=\"properties-value\">Nappa di bufalo<\/td>\n<\/tr>\n<\/tbody>\n<\/table>","protected":false},"excerpt":{"rendered":"<p>Die Perfecto Lederjacke wurde in den 1920er Jahren von Irving Schott entworfen und ist seitdem ein Symbol f\u00fcr Rebellion und Stil. Urspr\u00fcnglich f\u00fcr Motorradfahrer entwickelt, wurde sie schnell zur Ikone der Rock- und Popkultur. Die RICANO BRANDO Lederjacke im Perfecto-Schnitt setzt diese Tradition fort und bietet eine moderne Interpretation eines klassischen Designs. Hochwertiges Innenfutter mit RICANO-Label. Robustes und langlebiges B\u00fcffel-Nappa-Leder [&hellip;]<\/p>\n","protected":false},"featured_media":5765,"comment_status":"open","ping_status":"closed","template":"","meta":{"inline_featured_image":false},"pwb-brand":[43],"product_brand":[],"product_cat":[28,50,51],"product_tag":[],"class_list":{"0":"post-4418","1":"product","2":"type-product","3":"status-publish","4":"has-post-thumbnail","6":"pwb-brand-ricano","7":"product_cat-herren","8":"product_cat-jacken","9":"product_cat-lederjacken","11":"first","12":"instock","13":"taxable","14":"shipping-taxable","15":"purchasable","16":"product-type-variable"},"jetpack_sharing_enabled":true,"brands":[{"id":43,"name":"Ricano","slug":"ricano"}],"_links":{"self":[{"href":"https:\/\/www.booster.ch\/it\/wp-json\/wp\/v2\/product\/4418","targetHints":{"allow":["GET"]}}],"collection":[{"href":"https:\/\/www.booster.ch\/it\/wp-json\/wp\/v2\/product"}],"about":[{"href":"https:\/\/www.booster.ch\/it\/wp-json\/wp\/v2\/types\/product"}],"replies":[{"embeddable":true,"href":"https:\/\/www.booster.ch\/it\/wp-json\/wp\/v2\/comments?post=4418"}],"wp:featuredmedia":[{"embeddable":true,"href":"https:\/\/www.booster.ch\/it\/wp-json\/wp\/v2\/media\/5765"}],"wp:attachment":[{"href":"https:\/\/www.booster.ch\/it\/wp-json\/wp\/v2\/media?parent=4418"}],"wp:term":[{"taxonomy":"pwb-brand","embeddable":true,"href":"https:\/\/www.booster.ch\/it\/wp-json\/wp\/v2\/pwb-brand?post=4418"},{"taxonomy":"product_brand","embeddable":true,"href":"https:\/\/www.booster.ch\/it\/wp-json\/wp\/v2\/product_brand?post=4418"},{"taxonomy":"product_cat","embeddable":true,"href":"https:\/\/www.booster.ch\/it\/wp-json\/wp\/v2\/product_cat?post=4418"},{"taxonomy":"product_tag","embeddable":true,"href":"https:\/\/www.booster.ch\/it\/wp-json\/wp\/v2\/product_tag?post=4418"}],"curies":[{"name":"wp","href":"https:\/\/api.w.org\/{rel}","templated":true}]}}