{"id":4618,"date":"2023-11-10T17:49:30","date_gmt":"2023-11-10T16:49:30","guid":{"rendered":"https:\/\/www.booster.ch\/?post_type=product&#038;p=4618"},"modified":"2026-01-16T17:44:34","modified_gmt":"2026-01-16T16:44:34","slug":"giacca-in-pelle-perfecto-ladies","status":"publish","type":"product","link":"https:\/\/www.booster.ch\/it\/produkt\/lederjacke-perfecto-damen\/","title":{"rendered":"Giacca in pelle Perfecto"},"content":{"rendered":"<p>La giacca di pelle Perfecto \u00e8 stata disegnata da Irving Schott negli anni Venti e da allora \u00e8 un simbolo di ribellione e di stile. Originariamente sviluppata per i motociclisti, \u00e8 diventata rapidamente un'icona della cultura rock e pop. La giacca in pelle RICANO BRANDO GIRLS nel taglio Perfecto continua questa tradizione e offre un'interpretazione moderna di un design classico.<\/p>\n<p>La giacca colpisce per i numerosi dettagli. L'ampia zip frontale \u00e8 un vero e proprio richiamo visivo, cos\u00ec come la cintura frontale regolabile con fori bordati d'argento e fibbia d'argento. BRANDO GIRLS \u00e8 dotata di spalline, cerniere alle estremit\u00e0 delle maniche, due tasche laterali e un taschino sul petto con cerniera, nonch\u00e9 una piccola tasca anteriore apribile con bottone a pressione. Il colletto, anch'esso dotato di bottoni a pressione, pu\u00f2 essere indossato aperto o alzato in stile James Dean.<\/p>\n<p>La giacca di pelle RICANO BRANDO GIRLS non \u00e8 quindi solo un capo d'abbigliamento, ma anche un pezzo di storia e un assoluto richiamo visivo.<\/p>\n<table class=\"table table-striped product-detail-properties-table\">\n<tbody>\n<tr class=\"properties-row\">\n<th class=\"properties-label\">In forma:<\/th>\n<td class=\"properties-value\">Vestibilit\u00e0 regolare<\/td>\n<\/tr>\n<tr class=\"properties-row\">\n<th class=\"properties-label\">Fodera interna:<\/th>\n<td class=\"properties-value\">Polisatina<\/td>\n<\/tr>\n<tr class=\"properties-row\">\n<th class=\"properties-label\">Materiale della tomaia:<\/th>\n<td class=\"properties-value\">Nappa di bufalo<\/td>\n<\/tr>\n<\/tbody>\n<\/table>","protected":false},"excerpt":{"rendered":"<p>Die Perfecto Lederjacke wurde in den 1920er Jahren von Irving Schott entworfen und ist seitdem ein Symbol f\u00fcr Rebellion und Stil. Urspr\u00fcnglich f\u00fcr Motorradfahrer entwickelt, wurde sie schnell zur Ikone der Rock- und Popkultur. Die RICANO BRANDO GIRLS Lederjacke im Perfecto-Schnitt setzt diese Tradition fort und bietet eine moderne Interpretation eines klassischen Designs. Die Jacke \u00fcberzeugt mit zahlreichen Details. Der [&hellip;]<\/p>\n","protected":false},"featured_media":5770,"comment_status":"closed","ping_status":"closed","template":"","meta":{"inline_featured_image":false},"pwb-brand":[43],"product_brand":[],"product_cat":[30,50,51],"product_tag":[],"class_list":{"0":"post-4618","1":"product","2":"type-product","3":"status-publish","4":"has-post-thumbnail","6":"pwb-brand-ricano","7":"product_cat-damen","8":"product_cat-jacken","9":"product_cat-lederjacken","11":"first","12":"instock","13":"taxable","14":"shipping-taxable","15":"purchasable","16":"product-type-variable"},"jetpack_sharing_enabled":true,"brands":[{"id":43,"name":"Ricano","slug":"ricano"}],"_links":{"self":[{"href":"https:\/\/www.booster.ch\/it\/wp-json\/wp\/v2\/product\/4618","targetHints":{"allow":["GET"]}}],"collection":[{"href":"https:\/\/www.booster.ch\/it\/wp-json\/wp\/v2\/product"}],"about":[{"href":"https:\/\/www.booster.ch\/it\/wp-json\/wp\/v2\/types\/product"}],"replies":[{"embeddable":true,"href":"https:\/\/www.booster.ch\/it\/wp-json\/wp\/v2\/comments?post=4618"}],"wp:featuredmedia":[{"embeddable":true,"href":"https:\/\/www.booster.ch\/it\/wp-json\/wp\/v2\/media\/5770"}],"wp:attachment":[{"href":"https:\/\/www.booster.ch\/it\/wp-json\/wp\/v2\/media?parent=4618"}],"wp:term":[{"taxonomy":"pwb-brand","embeddable":true,"href":"https:\/\/www.booster.ch\/it\/wp-json\/wp\/v2\/pwb-brand?post=4618"},{"taxonomy":"product_brand","embeddable":true,"href":"https:\/\/www.booster.ch\/it\/wp-json\/wp\/v2\/product_brand?post=4618"},{"taxonomy":"product_cat","embeddable":true,"href":"https:\/\/www.booster.ch\/it\/wp-json\/wp\/v2\/product_cat?post=4618"},{"taxonomy":"product_tag","embeddable":true,"href":"https:\/\/www.booster.ch\/it\/wp-json\/wp\/v2\/product_tag?post=4618"}],"curies":[{"name":"wp","href":"https:\/\/api.w.org\/{rel}","templated":true}]}}